{"id":11902,"date":"2024-03-01T14:16:23","date_gmt":"2024-03-01T13:16:23","guid":{"rendered":"https:\/\/zlatyklucik-old.odyzeoclients.com\/?page_id=11902"},"modified":"2024-03-04T09:15:09","modified_gmt":"2024-03-04T08:15:09","slug":"accommodation-with-pet","status":"publish","type":"page","link":"https:\/\/zlatyklucik-old.odyzeoclients.com\/en\/accommodation-with-pet\/","title":{"rendered":"Accommodation with pet"},"content":{"rendered":"<div class=\"fusion-fullwidth fullwidth-box fusion-builder-row-1 klucik-izba-block single-button table-buttons home-section ubytovanie nonhundred-percent-fullwidth non-hundred-percent-height-scrolling fusion-equal-height-columns\"  style='background-color: rgba(255,255,255,0);background-position: left top;background-repeat: no-repeat;padding-top:0px;padding-right:0px;padding-bottom:0px;padding-left:0px;margin-bottom: 90px;border-top-width:0px;border-bottom-width:0px;border-color:#e2e2e2;border-top-style:solid;border-bottom-style:solid;'><div class=\"fusion-builder-row fusion-row \"><div  class=\"fusion-layout-column fusion_builder_column fusion_builder_column_1_1 fusion-builder-column-0 fusion-one-full fusion-column-first fusion-column-last room-title-slider fusion-column-no-min-height 1_1\"  style='margin-top:0px;margin-bottom:0px;'><div class=\"fusion-column-wrapper\" style=\"background-color:rgba(255,255,255,0);padding: 0px 0px 0px 0px;background-position:left top;background-repeat:no-repeat;-webkit-background-size:cover;-moz-background-size:cover;-o-background-size:cover;background-size:cover;\"   data-bg-url=\"\"><div class=\"fusion-column-content-centered\"><div class=\"fusion-column-content\"><style type=\"text\/css\">@media only screen and (max-width:800px) {.fusion-title.fusion-title-1{margin-top:10px!important;margin-bottom:10px!important;}}<\/style><div class=\"fusion-title title fusion-title-1 fusion-sep-none fusion-title-center fusion-title-text fusion-title-size-one room-heading\" style=\"font-size:45px;margin-top:10px;margin-bottom:15px;\"><h1 class=\"title-heading-center\" style=\"margin:0;font-size:1em;color:#333333;\">Accommodation with pet<\/h1><\/div><\/div><\/div><div class=\"fusion-clearfix\"><\/div><\/div><\/div><div  class=\"fusion-layout-column fusion_builder_column fusion_builder_column_1_1 fusion-builder-column-1 fusion-one-full fusion-column-first fusion-column-last klucik-container fusion-column-no-min-height 1_1\"  style='margin-top:0px;margin-bottom:0px;'><div class=\"fusion-column-wrapper\" style=\"background-color:rgba(255,239,239,0);padding: px px px 0px;background-position:right bottom;background-repeat:no-repeat;-webkit-background-size:cover;-moz-background-size:cover;-o-background-size:cover;background-size:cover;\"   data-bg-url=\"\"><div class=\"fusion-text klucik-text\"><p style=\"text-align: center;\"><strong>Golden Key Services, s.r.o. with registered office at Sv\u00e4tourbansk\u00e1 103\/29<\/strong><strong>, 949 01 Nitra<\/strong><strong>, ID No.: 56031173,<br \/>\nregistered in the Commercial Register of the District Court in Nitra, Section Sro, Insert No.: 62428\/N.<\/strong><\/p>\n<p style=\"text-align: left;\">Dear guests,<br \/>\nWe are glad that you and your pet have decided to stay at the Zlat\u00fd K\u013e\u00fa\u010dik Hotel. During your stay, please observe the following points:<\/p>\n<ol>\n<li>Accommodation is only possible with a pet up to 8kg resp. height 20cm, short-haired breed.<\/li>\n<li>Pets must be kept on a leash at all times in public areas.<\/li>\n<li>For accommodation with pets, apartments in the hotel dependance or standard rooms are reserved as a priority. or standard rooms.<\/li>\n<li>Pets are not allowed in the restaurant and SPA area.<\/li>\n<li>The pet must not be left alone in the room (without a human present).<\/li>\n<li>Pets are not allowed in the room while the room is being cleaned by the housekeeper.<\/li>\n<li>The fee for a pet staying at the hotel is 30,-\u20ac\/night.<\/li>\n<li>If the room is damaged, you will be charged for the damaged inventory.<\/li>\n<\/ol>\n<p>Thank you for your cooperation and we look forward to your visit<\/p>\n<p style=\"text-align: right;\">Ing. Igor Gond\u00e1r<br \/>\nhotel director<\/p>\n<\/div><div class=\"fusion-sep-clear\"><\/div><div class=\"fusion-separator fusion-full-width-sep sep-none\" style=\"margin-left: auto;margin-right: auto;margin-top:12px;\"><\/div><div class=\"fusion-clearfix\"><\/div><\/div><\/div><\/div><\/div><style type=\"text\/css\">.fusion-fullwidth.fusion-builder-row-1 a:not(.fusion-button):not(.fusion-builder-module-control):not(.fusion-social-network-icon):not(.fb-icon-element):not(.fusion-countdown-link):not(.fusion-rollover-link):not(.fusion-rollover-gallery):not(.fusion-button-bar):not(.add_to_cart_button):not(.show_details_button):not(.product_type_external):not(.fusion-quick-view):not(.fusion-rollover-title-link):not(.fusion-breadcrumb-link) , .fusion-fullwidth.fusion-builder-row-1 a:not(.fusion-button):not(.fusion-builder-module-control):not(.fusion-social-network-icon):not(.fb-icon-element):not(.fusion-countdown-link):not(.fusion-rollover-link):not(.fusion-rollover-gallery):not(.fusion-button-bar):not(.add_to_cart_button):not(.show_details_button):not(.product_type_external):not(.fusion-quick-view):not(.fusion-rollover-title-link):not(.fusion-breadcrumb-link):before, .fusion-fullwidth.fusion-builder-row-1 a:not(.fusion-button):not(.fusion-builder-module-control):not(.fusion-social-network-icon):not(.fb-icon-element):not(.fusion-countdown-link):not(.fusion-rollover-link):not(.fusion-rollover-gallery):not(.fusion-button-bar):not(.add_to_cart_button):not(.show_details_button):not(.product_type_external):not(.fusion-quick-view):not(.fusion-rollover-title-link):not(.fusion-breadcrumb-link):after {color: #212934;}.fusion-fullwidth.fusion-builder-row-1 a:not(.fusion-button):not(.fusion-builder-module-control):not(.fusion-social-network-icon):not(.fb-icon-element):not(.fusion-countdown-link):not(.fusion-rollover-link):not(.fusion-rollover-gallery):not(.fusion-button-bar):not(.add_to_cart_button):not(.show_details_button):not(.product_type_external):not(.fusion-quick-view):not(.fusion-rollover-title-link):not(.fusion-breadcrumb-link):hover, .fusion-fullwidth.fusion-builder-row-1 a:not(.fusion-button):not(.fusion-builder-module-control):not(.fusion-social-network-icon):not(.fb-icon-element):not(.fusion-countdown-link):not(.fusion-rollover-link):not(.fusion-rollover-gallery):not(.fusion-button-bar):not(.add_to_cart_button):not(.show_details_button):not(.product_type_external):not(.fusion-quick-view):not(.fusion-rollover-title-link):not(.fusion-breadcrumb-link):hover:before, .fusion-fullwidth.fusion-builder-row-1 a:not(.fusion-button):not(.fusion-builder-module-control):not(.fusion-social-network-icon):not(.fb-icon-element):not(.fusion-countdown-link):not(.fusion-rollover-link):not(.fusion-rollover-gallery):not(.fusion-button-bar):not(.add_to_cart_button):not(.show_details_button):not(.product_type_external):not(.fusion-quick-view):not(.fusion-rollover-title-link):not(.fusion-breadcrumb-link):hover:after {color: #65bc7b;}.fusion-fullwidth.fusion-builder-row-1 .pagination a.inactive:hover, .fusion-fullwidth.fusion-builder-row-1 .fusion-filters .fusion-filter.fusion-active a {border-color: #65bc7b;}.fusion-fullwidth.fusion-builder-row-1 .pagination .current {border-color: #65bc7b; background-color: #65bc7b;}.fusion-fullwidth.fusion-builder-row-1 .fusion-filters .fusion-filter.fusion-active a, .fusion-fullwidth.fusion-builder-row-1 .fusion-date-and-formats .fusion-format-box, .fusion-fullwidth.fusion-builder-row-1 .fusion-popover, .fusion-fullwidth.fusion-builder-row-1 .tooltip-shortcode {color: #65bc7b;}#main .fusion-fullwidth.fusion-builder-row-1 .post .blog-shortcode-post-title a:hover {color: #65bc7b;}<\/style>\n","protected":false},"excerpt":{"rendered":"","protected":false},"author":21,"featured_media":0,"parent":0,"menu_order":0,"comment_status":"closed","ping_status":"closed","template":"100-width.php","meta":{"pgc_meta":"","footnotes":""},"class_list":["post-11902","page","type-page","status-publish","hentry"],"pgc_meta":"","yoast_head":"<!-- This site is optimized with the Yoast SEO plugin v22.8 - https:\/\/yoast.com\/wordpress\/plugins\/seo\/ -->\n<title>Accommodation with pet | Zlat\u00fd K\u013e\u00fa\u010dik<\/title>\n<meta name=\"robots\" content=\"index, follow, max-snippet:-1, max-image-preview:large, max-video-preview:-1\" \/>\n<link rel=\"canonical\" href=\"https:\/\/zlatyklucik-old.odyzeoclients.com\/en\/accommodation-with-pet\/\" \/>\n<meta property=\"og:locale\" content=\"en_US\" \/>\n<meta property=\"og:type\" content=\"article\" \/>\n<meta property=\"og:title\" content=\"Accommodation with pet | Zlat\u00fd K\u013e\u00fa\u010dik\" \/>\n<meta property=\"og:url\" content=\"https:\/\/zlatyklucik-old.odyzeoclients.com\/en\/accommodation-with-pet\/\" \/>\n<meta property=\"og:site_name\" content=\"Zlat\u00fd K\u013e\u00fa\u010dik\" \/>\n<meta property=\"article:modified_time\" content=\"2024-03-04T08:15:09+00:00\" \/>\n<meta name=\"twitter:card\" content=\"summary_large_image\" \/>\n<meta name=\"twitter:label1\" content=\"Est. reading time\" \/>\n\t<meta name=\"twitter:data1\" content=\"3 minutes\" \/>\n<script type=\"application\/ld+json\" class=\"yoast-schema-graph\">{\"@context\":\"https:\/\/schema.org\",\"@graph\":[{\"@type\":\"WebPage\",\"@id\":\"https:\/\/zlatyklucik-old.odyzeoclients.com\/en\/accommodation-with-pet\/\",\"url\":\"https:\/\/zlatyklucik-old.odyzeoclients.com\/en\/accommodation-with-pet\/\",\"name\":\"Accommodation with pet | Zlat\u00fd K\u013e\u00fa\u010dik\",\"isPartOf\":{\"@id\":\"https:\/\/zlatyklucik-old.odyzeoclients.com\/en\/#website\"},\"datePublished\":\"2024-03-01T13:16:23+00:00\",\"dateModified\":\"2024-03-04T08:15:09+00:00\",\"breadcrumb\":{\"@id\":\"https:\/\/zlatyklucik-old.odyzeoclients.com\/en\/accommodation-with-pet\/#breadcrumb\"},\"inLanguage\":\"en-US\",\"potentialAction\":[{\"@type\":\"ReadAction\",\"target\":[\"https:\/\/zlatyklucik-old.odyzeoclients.com\/en\/accommodation-with-pet\/\"]}]},{\"@type\":\"BreadcrumbList\",\"@id\":\"https:\/\/zlatyklucik-old.odyzeoclients.com\/en\/accommodation-with-pet\/#breadcrumb\",\"itemListElement\":[{\"@type\":\"ListItem\",\"position\":1,\"name\":\"Home\",\"item\":\"https:\/\/zlatyklucik-old.odyzeoclients.com\/en\/\"},{\"@type\":\"ListItem\",\"position\":2,\"name\":\"Accommodation with pet\"}]},{\"@type\":\"WebSite\",\"@id\":\"https:\/\/zlatyklucik-old.odyzeoclients.com\/en\/#website\",\"url\":\"https:\/\/zlatyklucik-old.odyzeoclients.com\/en\/\",\"name\":\"Zlat\u00fd K\u013e\u00fa\u010dik\",\"description\":\"V\u0161etky fam\u00f3zne veci na jednom mieste\",\"potentialAction\":[{\"@type\":\"SearchAction\",\"target\":{\"@type\":\"EntryPoint\",\"urlTemplate\":\"https:\/\/zlatyklucik-old.odyzeoclients.com\/en\/?s={search_term_string}\"},\"query-input\":\"required name=search_term_string\"}],\"inLanguage\":\"en-US\"}]}<\/script>\n<!-- \/ Yoast SEO plugin. -->","yoast_head_json":{"title":"Accommodation with pet | Zlat\u00fd K\u013e\u00fa\u010dik","robots":{"index":"index","follow":"follow","max-snippet":"max-snippet:-1","max-image-preview":"max-image-preview:large","max-video-preview":"max-video-preview:-1"},"canonical":"https:\/\/zlatyklucik-old.odyzeoclients.com\/en\/accommodation-with-pet\/","og_locale":"en_US","og_type":"article","og_title":"Accommodation with pet | Zlat\u00fd K\u013e\u00fa\u010dik","og_url":"https:\/\/zlatyklucik-old.odyzeoclients.com\/en\/accommodation-with-pet\/","og_site_name":"Zlat\u00fd K\u013e\u00fa\u010dik","article_modified_time":"2024-03-04T08:15:09+00:00","twitter_card":"summary_large_image","twitter_misc":{"Est. reading time":"3 minutes"},"schema":{"@context":"https:\/\/schema.org","@graph":[{"@type":"WebPage","@id":"https:\/\/zlatyklucik-old.odyzeoclients.com\/en\/accommodation-with-pet\/","url":"https:\/\/zlatyklucik-old.odyzeoclients.com\/en\/accommodation-with-pet\/","name":"Accommodation with pet | Zlat\u00fd K\u013e\u00fa\u010dik","isPartOf":{"@id":"https:\/\/zlatyklucik-old.odyzeoclients.com\/en\/#website"},"datePublished":"2024-03-01T13:16:23+00:00","dateModified":"2024-03-04T08:15:09+00:00","breadcrumb":{"@id":"https:\/\/zlatyklucik-old.odyzeoclients.com\/en\/accommodation-with-pet\/#breadcrumb"},"inLanguage":"en-US","potentialAction":[{"@type":"ReadAction","target":["https:\/\/zlatyklucik-old.odyzeoclients.com\/en\/accommodation-with-pet\/"]}]},{"@type":"BreadcrumbList","@id":"https:\/\/zlatyklucik-old.odyzeoclients.com\/en\/accommodation-with-pet\/#breadcrumb","itemListElement":[{"@type":"ListItem","position":1,"name":"Home","item":"https:\/\/zlatyklucik-old.odyzeoclients.com\/en\/"},{"@type":"ListItem","position":2,"name":"Accommodation with pet"}]},{"@type":"WebSite","@id":"https:\/\/zlatyklucik-old.odyzeoclients.com\/en\/#website","url":"https:\/\/zlatyklucik-old.odyzeoclients.com\/en\/","name":"Zlat\u00fd K\u013e\u00fa\u010dik","description":"V\u0161etky fam\u00f3zne veci na jednom mieste","potentialAction":[{"@type":"SearchAction","target":{"@type":"EntryPoint","urlTemplate":"https:\/\/zlatyklucik-old.odyzeoclients.com\/en\/?s={search_term_string}"},"query-input":"required name=search_term_string"}],"inLanguage":"en-US"}]}},"_links":{"self":[{"href":"https:\/\/zlatyklucik-old.odyzeoclients.com\/en\/wp-json\/wp\/v2\/pages\/11902"}],"collection":[{"href":"https:\/\/zlatyklucik-old.odyzeoclients.com\/en\/wp-json\/wp\/v2\/pages"}],"about":[{"href":"https:\/\/zlatyklucik-old.odyzeoclients.com\/en\/wp-json\/wp\/v2\/types\/page"}],"author":[{"embeddable":true,"href":"https:\/\/zlatyklucik-old.odyzeoclients.com\/en\/wp-json\/wp\/v2\/users\/21"}],"replies":[{"embeddable":true,"href":"https:\/\/zlatyklucik-old.odyzeoclients.com\/en\/wp-json\/wp\/v2\/comments?post=11902"}],"version-history":[{"count":7,"href":"https:\/\/zlatyklucik-old.odyzeoclients.com\/en\/wp-json\/wp\/v2\/pages\/11902\/revisions"}],"predecessor-version":[{"id":11921,"href":"https:\/\/zlatyklucik-old.odyzeoclients.com\/en\/wp-json\/wp\/v2\/pages\/11902\/revisions\/11921"}],"wp:attachment":[{"href":"https:\/\/zlatyklucik-old.odyzeoclients.com\/en\/wp-json\/wp\/v2\/media?parent=11902"}],"curies":[{"name":"wp","href":"https:\/\/api.w.org\/{rel}","templated":true}]}}