{"id":2266,"date":"2018-07-07T11:13:17","date_gmt":"2018-07-07T09:13:17","guid":{"rendered":"https:\/\/zlatyklucik-old.odyzeoclients.com\/?page_id=2266"},"modified":"2020-09-07T14:22:00","modified_gmt":"2020-09-07T12:22:00","slug":"accommodation-packages","status":"publish","type":"page","link":"https:\/\/zlatyklucik-old.odyzeoclients.com\/en\/accommodation-packages\/","title":{"rendered":"Accommodation packages"},"content":{"rendered":"<p><div class=\"fusion-fullwidth fullwidth-box fusion-builder-row-1 hp-top-info nonhundred-percent-fullwidth non-hundred-percent-height-scrolling\"  style='background-color: rgba(250,244,234,0);background-position: center center;background-repeat: no-repeat;padding-top:0px;padding-right:0px;padding-bottom:0px;padding-left:0px;'><div class=\"fusion-builder-row fusion-row \"><div  class=\"fusion-layout-column fusion_builder_column fusion_builder_column_1_1 fusion-builder-column-0 fusion-one-full fusion-column-first fusion-column-last klucik-top-subtext 1_1\"  style='margin-top:0px;margin-bottom:20px;'><div class=\"fusion-column-wrapper\" style=\"padding: 0px 0px 0px 0px;background-position:left top;background-repeat:no-repeat;-webkit-background-size:cover;-moz-background-size:cover;-o-background-size:cover;background-size:cover;\"   data-bg-url=\"\"><div class=\"fusion-text\"><h1 style=\"text-align: center;\">Accommodation packages<\/h1>\n<div class=\"fusion-text\">\n<p class=\"hp-subtext\" style=\"text-align: center;\">Life is made out of exceptional moments.<br \/>\nWe are happy to create some of them for you here, at Zlat\u00fd K\u013e\u00fa\u010dik.<\/p>\n<\/div>\n<\/div><div class=\"fusion-text\"><p style=\"text-align: center;\">Need to switch your daily routine and treat yourself to a nice change of plans? A weekend getaway at our hotel is the perfect solution. You can choose from our diverse event offerings planned according to your needs. Come and get pampered just the way you deserve to be, enjoy the magical moments and extraordinary feelings.<\/p>\n<\/div><div class=\"fusion-clearfix\"><\/div><\/div><\/div><\/div><\/div><style type=\"text\/css\">.fusion-fullwidth.fusion-builder-row-1 a:not(.fusion-button):not(.fusion-builder-module-control):not(.fusion-social-network-icon):not(.fb-icon-element):not(.fusion-countdown-link):not(.fusion-rollover-link):not(.fusion-rollover-gallery):not(.fusion-button-bar):not(.add_to_cart_button):not(.show_details_button):not(.product_type_external):not(.fusion-quick-view):not(.fusion-rollover-title-link):not(.fusion-breadcrumb-link) , .fusion-fullwidth.fusion-builder-row-1 a:not(.fusion-button):not(.fusion-builder-module-control):not(.fusion-social-network-icon):not(.fb-icon-element):not(.fusion-countdown-link):not(.fusion-rollover-link):not(.fusion-rollover-gallery):not(.fusion-button-bar):not(.add_to_cart_button):not(.show_details_button):not(.product_type_external):not(.fusion-quick-view):not(.fusion-rollover-title-link):not(.fusion-breadcrumb-link):before, .fusion-fullwidth.fusion-builder-row-1 a:not(.fusion-button):not(.fusion-builder-module-control):not(.fusion-social-network-icon):not(.fb-icon-element):not(.fusion-countdown-link):not(.fusion-rollover-link):not(.fusion-rollover-gallery):not(.fusion-button-bar):not(.add_to_cart_button):not(.show_details_button):not(.product_type_external):not(.fusion-quick-view):not(.fusion-rollover-title-link):not(.fusion-breadcrumb-link):after {color: #212934;}.fusion-fullwidth.fusion-builder-row-1 a:not(.fusion-button):not(.fusion-builder-module-control):not(.fusion-social-network-icon):not(.fb-icon-element):not(.fusion-countdown-link):not(.fusion-rollover-link):not(.fusion-rollover-gallery):not(.fusion-button-bar):not(.add_to_cart_button):not(.show_details_button):not(.product_type_external):not(.fusion-quick-view):not(.fusion-rollover-title-link):not(.fusion-breadcrumb-link):hover, .fusion-fullwidth.fusion-builder-row-1 a:not(.fusion-button):not(.fusion-builder-module-control):not(.fusion-social-network-icon):not(.fb-icon-element):not(.fusion-countdown-link):not(.fusion-rollover-link):not(.fusion-rollover-gallery):not(.fusion-button-bar):not(.add_to_cart_button):not(.show_details_button):not(.product_type_external):not(.fusion-quick-view):not(.fusion-rollover-title-link):not(.fusion-breadcrumb-link):hover:before, .fusion-fullwidth.fusion-builder-row-1 a:not(.fusion-button):not(.fusion-builder-module-control):not(.fusion-social-network-icon):not(.fb-icon-element):not(.fusion-countdown-link):not(.fusion-rollover-link):not(.fusion-rollover-gallery):not(.fusion-button-bar):not(.add_to_cart_button):not(.show_details_button):not(.product_type_external):not(.fusion-quick-view):not(.fusion-rollover-title-link):not(.fusion-breadcrumb-link):hover:after {color: #65bc7b;}.fusion-fullwidth.fusion-builder-row-1 .pagination a.inactive:hover, .fusion-fullwidth.fusion-builder-row-1 .fusion-filters .fusion-filter.fusion-active a {border-color: #65bc7b;}.fusion-fullwidth.fusion-builder-row-1 .pagination .current {border-color: #65bc7b; background-color: #65bc7b;}.fusion-fullwidth.fusion-builder-row-1 .fusion-filters .fusion-filter.fusion-active a, .fusion-fullwidth.fusion-builder-row-1 .fusion-date-and-formats .fusion-format-box, .fusion-fullwidth.fusion-builder-row-1 .fusion-popover, .fusion-fullwidth.fusion-builder-row-1 .tooltip-shortcode {color: #65bc7b;}#main .fusion-fullwidth.fusion-builder-row-1 .post .blog-shortcode-post-title a:hover {color: #65bc7b;}<\/style><div class=\"fusion-fullwidth fullwidth-box fusion-builder-row-2 fusion-parallax-none nonhundred-percent-fullwidth non-hundred-percent-height-scrolling\"  style='background-color: rgba(255,255,255,0);background-image: url(\"https:\/\/zlatyklucik-old.odyzeoclients.com\/wp-content\/uploads\/stays-bcg-300x134-2.jpg\");background-position: center center;background-repeat: repeat;padding-top:0px;padding-right:0px;padding-bottom:0px;padding-left:0px;'><div class=\"fusion-builder-row fusion-row \"><div  class=\"fusion-layout-column fusion_builder_column fusion_builder_column_1_1 fusion-builder-column-1 fusion-one-full fusion-column-first fusion-column-last 1_1\"  style='margin-top:0px;margin-bottom:20px;'><div class=\"fusion-column-wrapper\" style=\"padding: 0px 0px 0px 0px;background-position:left top;background-repeat:no-repeat;-webkit-background-size:cover;-moz-background-size:cover;-o-background-size:cover;background-size:cover;\"   data-bg-url=\"\"><div class=\"fusion-text\">\r\n\r\n<style type=\"text\/css\">\r\n\t.balicek{\r\n\t\tmargin-right:4%;\r\n\t}\r\n\t.balicek:nth-child(4n){\r\n\t\tmargin-right:0px!important;\r\n\t}\r\n\t.balicek .fusion-imageframe img {\r\n\t    width: auto;\r\n\t    max-width: unset;\r\n\t    overflow: hidden;\r\n\t    height: 290px;\r\n\t}\r\n\t.ciarapod {\r\n\t    margin-bottom:40px;\r\n\t    margin-top:40px;\r\n\t    text-align: center;\r\n\t}\r\n\t.ciarapod::after {\r\n\t    position: relative;\r\n\t    display: block;\r\n\t    content: \"\";\r\n\t    background-image: url(https:\/\/zlatyklucik-old.odyzeoclients.com\/wp-content\/uploads\/stiahnu\u0165.png);\r\n\t    width: 471px;\r\n\t    height: 20px;\r\n\t    margin: 0 auto;\r\n\t    margin-top: 10px;\r\n\t}\r\n\r\n.other-room,\r\n.other-stay-alt {\r\n      width: calc(25% - ( ( 1% + 1% ) * 0.5 )) !important;\r\n      margin-right:1%!important;\r\n}\r\n\r\n<\/style>\r\n\r\n\r\n\t<h2 class=\"title-heading-center fusion-responsive-typography-calculated ciarapod\" style=\"--fontSize:30; line-height: 1.1;\" data-fontsize=\"30\" data-lineheight=\"33px\">Accommodation packages<\/h2>\r\n\r\n\r\n<div class=\"fusion-builder-row fusion-row zvyhodnene-balicky-container\" style=\"display:flex;justify-content:center;\">\r\n\t\r\n\t\r\n\t\r\n\t<div class=\"balicek fusion-layout-column fusion_builder_column fusion_builder_column_1_4 fusion-builder-column-4 fusion-one-fourth other-stay other-stay-alt 1_2\" style=\"margin-top:0px;margin-bottom:20px;width:50%;width:calc(50% - ( ( 4% ) * 0.5 ) );\">\r\n\r\n\t\t<div class=\"fusion-column-wrapper\" style=\"padding: 0px; background-position: left top; background-repeat: no-repeat; background-size: cover; min-height: 616px; height: auto;\" data-bg-url=\"\">\r\n\r\n\t\t\t<span class=\"fusion-imageframe imageframe-none imageframe-2 hover-type-none\">\r\n\t\t\t\t<img loading=\"lazy\" decoding=\"async\" src=\"https:\/\/zlatyklucik-old.odyzeoclients.com\/wp-content\/uploads\/dayspa-ilustracna-foto1-1200x800.jpg\" style=\"\" width=\"1067\" height=\"707\" alt=\"\" title=\"Slider \u2013 1920x1080-3\" class=\"img-responsive\">\r\n\t\t\t<\/span>\r\n\r\n\t\t\t<div class=\"fusion-title title fusion-title-8 fusion-sep-none fusion-title-text fusion-title-size-three room-type fusion-border-below-title\" style=\"font-size:30px;margin-top:0px;margin-bottom:30px;\">\r\n\t\t\t\t<h3 class=\"title-heading-left fusion-responsive-typography-calculated\" style=\"font-family: &quot;Abril Fatface&quot;; font-weight: 400; margin: 0px; font-size: 1em; line-height: 1.42; color: rgb(51, 51, 51); --fontSize:24;\" data-fontsize=\"24\" data-lineheight=\"34.08px\">Daily programmes<\/h3>\r\n\t\t\t<\/div>\r\n\r\n\t\t\t<div class=\"fusion-title title fusion-title-9 fusion-sep-none fusion-title-text fusion-title-size-five grid-subtext fusion-border-below-title\" style=\"font-size:16px;margin-top:0px;margin-bottom:30px;\">\r\n\t\t\t\t<h5 class=\"title-heading-left fusion-responsive-typography-calculated\" style=\"font-family: &quot;Roboto Slab&quot;; font-weight: 400; margin: 0px; font-size: 1em; line-height: 1.38; --fontSize:16; --minFontSize:16;\" data-fontsize=\"16\" data-lineheight=\"22px\">Golden Spa Day (1 day)<br>\r\nGolden Private Day (1 day)<br>\r\nGolden Spa Day + Fine Dining (1 day)<br>\r\nGolden Ayurveda Day (1 day)<\/h5>\r\n\t\t\t<\/div>\r\n\r\n\r\n\t\t\t<div class=\"fusion-text other-stay-text\"><p>Switch off from everyday stress and experience a \"golden\" day at the Hotel Zlat\u00fd K\u013e\u00fa\u010dik.<\/p>\r\n\t\t\t<\/div>\r\n\r\n\t\t\t<div class=\"fusion-builder-row fusion-builder-row-inner fusion-row \">\r\n\t\t\t\t\r\n\t\t\t\t<div class=\"fusion-layout-column fusion_builder_column fusion_builder_column_1_2 fusion-builder-nested-column-5 fusion-one-half fusion-column-first room-book-price 1_2\" style=\"margin-top: 0px;margin-bottom: 20px;width:50%;width:calc(50% - ( ( 4% ) * 0.5 ) );margin-right:4%;\">\r\n\t\t\t\t\r\n\t\t\t\t\t<div class=\"fusion-column-wrapper fusion-column-wrapper-5\" style=\"padding: 0px; background-position: left top; background-repeat: no-repeat; background-size: cover; min-height: 86px; height: auto;\" data-bg-url=\"\">\r\n\r\n\t\t\t\t\t\t<div class=\"fusion-text\"><p>from <strong style=\"\">130 \u20ac<\/strong><br>\r\n\t\t\t\t\t\t\t\t\t\t\t\t2 people\r\n\t\t\t\t\t\t \r\n\t\t\t\t\t\t <\/p>\r\n\t\t\t\t\t\t<\/div>\r\n\r\n\t\t\t\t\t<\/div>\r\n\t\t\t\t<\/div>\r\n\r\n\t\t\t\t<div class=\"fusion-layout-column fusion_builder_column fusion_builder_column_1_2 fusion-builder-nested-column-6 fusion-one-half fusion-column-last room-more-button 1_2\" style=\"margin-top: 0px;margin-bottom: 20px;width:50%;width:calc(50% - ( ( 4% ) * 0.5 ) );\">\r\n\r\n\t\t\t\t\t<div class=\"fusion-column-wrapper fusion-column-wrapper-6\" style=\"padding: 0px; background-position: left top; background-repeat: no-repeat; background-size: cover; min-height: 86px; height: auto;\" data-bg-url=\"\">\r\n\r\n\t\t\t\t\t\t<div class=\"fusion-button-wrapper\">\r\n\t\t\t\t\t\t\t<style type=\"text\/css\">.fusion-button.button-3 {border-radius:0px;}.fusion-button.button-3 .fusion-button-text {text-transform:uppercase;}<\/style>\r\n\t\t\t\t\t\t\t<a class=\"fusion-button button-flat fusion-button-default-size button-default button-3 fusion-button-default-span fusion-button-default-type\" target=\"_self\" href=\"\/en\/day-spa\">\r\n\t\t\t\t\t\t\t\t<span class=\"fusion-button-text\">More<\/span>\r\n\t\t\t\t\t\t\t<\/a>\r\n\t\t\t\t\t\t<\/div>\r\n\r\n\t\t\t\t\t<\/div>\r\n\t\t\t\t<\/div>\r\n\t\t\t<\/div>\r\n\r\n\r\n\t\t\t\r\n\r\n\t\t\t\r\n\r\n\t\t\t<div class=\"fusion-clearfix\"><\/div>\r\n\r\n\t\t<\/div>\r\n\t<\/div>\r\n\r\n\t\r\n\t\r\n\t<div class=\"balicek fusion-layout-column fusion_builder_column fusion_builder_column_1_4 fusion-builder-column-4 fusion-one-fourth other-stay other-stay-alt 1_2\" style=\"margin-top:0px;margin-bottom:20px;width:50%;width:calc(50% - ( ( 4% ) * 0.5 ) );\">\r\n\r\n\t\t<div class=\"fusion-column-wrapper\" style=\"padding: 0px; background-position: left top; background-repeat: no-repeat; background-size: cover; min-height: 616px; height: auto;\" data-bg-url=\"\">\r\n\r\n\t\t\t<span class=\"fusion-imageframe imageframe-none imageframe-2 hover-type-none\">\r\n\t\t\t\t<img loading=\"lazy\" decoding=\"async\" src=\"https:\/\/zlatyklucik-old.odyzeoclients.com\/wp-content\/uploads\/IMG_0804.jpg\" style=\"\" width=\"1067\" height=\"707\" alt=\"\" title=\"Slider \u2013 1920x1080-3\" class=\"img-responsive\">\r\n\t\t\t<\/span>\r\n\r\n\t\t\t<div class=\"fusion-title title fusion-title-8 fusion-sep-none fusion-title-text fusion-title-size-three room-type fusion-border-below-title\" style=\"font-size:30px;margin-top:0px;margin-bottom:30px;\">\r\n\t\t\t\t<h3 class=\"title-heading-left fusion-responsive-typography-calculated\" style=\"font-family: &quot;Abril Fatface&quot;; font-weight: 400; margin: 0px; font-size: 1em; line-height: 1.42; color: rgb(51, 51, 51); --fontSize:24;\" data-fontsize=\"24\" data-lineheight=\"34.08px\">Discounted stays<\/h3>\r\n\t\t\t<\/div>\r\n\r\n\t\t\t<div class=\"fusion-title title fusion-title-9 fusion-sep-none fusion-title-text fusion-title-size-five grid-subtext fusion-border-below-title\" style=\"font-size:16px;margin-top:0px;margin-bottom:30px;\">\r\n\t\t\t\t<h5 class=\"title-heading-left fusion-responsive-typography-calculated\" style=\"font-family: &quot;Roboto Slab&quot;; font-weight: 400; margin: 0px; font-size: 1em; line-height: 1.38; --fontSize:16; --minFontSize:16;\" data-fontsize=\"16\" data-lineheight=\"22px\">Golden Spa (2 nights)<br>\nGolden Romantic (2 nights)<br>\nGolden Ayurveda (2 nights)<\/h5>\r\n\t\t\t<\/div>\r\n\r\n\r\n\t\t\t<div class=\"fusion-text other-stay-text\"><p>Treat yourself to a relaxing stay that will soothe your body and mind.<\/p>\r\n\t\t\t<\/div>\r\n\r\n\t\t\t<div class=\"fusion-builder-row fusion-builder-row-inner fusion-row \">\r\n\t\t\t\t\r\n\t\t\t\t<div class=\"fusion-layout-column fusion_builder_column fusion_builder_column_1_2 fusion-builder-nested-column-5 fusion-one-half fusion-column-first room-book-price 1_2\" style=\"margin-top: 0px;margin-bottom: 20px;width:50%;width:calc(50% - ( ( 4% ) * 0.5 ) );margin-right:4%;\">\r\n\t\t\t\t\r\n\t\t\t\t\t<div class=\"fusion-column-wrapper fusion-column-wrapper-5\" style=\"padding: 0px; background-position: left top; background-repeat: no-repeat; background-size: cover; min-height: 86px; height: auto;\" data-bg-url=\"\">\r\n\r\n\t\t\t\t\t\t<div class=\"fusion-text\"><p>from <strong style=\"\">350 \u20ac<\/strong><br>\r\n\t\t\t\t\t\t\t\t\t\t\t\t2 people\r\n\t\t\t\t\t\t\t\t\t\t\t\t\t\/ 2 nights\t\t\t\t\t\t \r\n\t\t\t\t\t\t <\/p>\r\n\t\t\t\t\t\t<\/div>\r\n\r\n\t\t\t\t\t<\/div>\r\n\t\t\t\t<\/div>\r\n\r\n\t\t\t\t<div class=\"fusion-layout-column fusion_builder_column fusion_builder_column_1_2 fusion-builder-nested-column-6 fusion-one-half fusion-column-last room-more-button 1_2\" style=\"margin-top: 0px;margin-bottom: 20px;width:50%;width:calc(50% - ( ( 4% ) * 0.5 ) );\">\r\n\r\n\t\t\t\t\t<div class=\"fusion-column-wrapper fusion-column-wrapper-6\" style=\"padding: 0px; background-position: left top; background-repeat: no-repeat; background-size: cover; min-height: 86px; height: auto;\" data-bg-url=\"\">\r\n\r\n\t\t\t\t\t\t<div class=\"fusion-button-wrapper\">\r\n\t\t\t\t\t\t\t<style type=\"text\/css\">.fusion-button.button-3 {border-radius:0px;}.fusion-button.button-3 .fusion-button-text {text-transform:uppercase;}<\/style>\r\n\t\t\t\t\t\t\t<a class=\"fusion-button button-flat fusion-button-default-size button-default button-3 fusion-button-default-span fusion-button-default-type\" target=\"_self\" href=\"\/en\/relaxing-stays-for-two\">\r\n\t\t\t\t\t\t\t\t<span class=\"fusion-button-text\">More<\/span>\r\n\t\t\t\t\t\t\t<\/a>\r\n\t\t\t\t\t\t<\/div>\r\n\r\n\t\t\t\t\t<\/div>\r\n\t\t\t\t<\/div>\r\n\t\t\t<\/div>\r\n\r\n\r\n\t\t\t\r\n\r\n\t\t\t\r\n\r\n\t\t\t<div class=\"fusion-clearfix\"><\/div>\r\n\r\n\t\t<\/div>\r\n\t<\/div>\r\n\r\n\r\n<\/div>\r\n\r\n<div class=\"fusion-layout-column fusion_builder_column fusion_builder_column_1_1 fusion-builder-column-10 fusion-one-full fusion-column-first fusion-column-last fusion-column-no-min-height 1_1\" style=\"margin-top:0px;margin-bottom:20px;\"><div class=\"fusion-column-wrapper\" style=\"padding: 0px; background-position: left top; background-repeat: no-repeat; background-size: cover; min-height: 564px; height: auto;\" data-bg-url=\"\"><div class=\"fusion-button-wrapper fusion-aligncenter\"><style type=\"text\/css\">.fusion-button.button-4 {border-radius:0px;}.fusion-button.button-4 .fusion-button-text {text-transform:uppercase;}<\/style><a class=\"fusion-button button-flat fusion-button-default-size button-default button-4 fusion-button-default-span fusion-button-default-type view-bottom-button\" target=\"_self\" href=\"https:\/\/zlatyklucik-old.odyzeoclients.com\/en\/pobyty-nitra\/\"><span class=\"fusion-button-text\">Show all stays<\/span><i class=\"fa-angle-double-right fas button-icon-right\"><\/i><\/a><\/div><div class=\"fusion-clearfix\"><\/div><\/div><\/div>\r\n\n<\/div><div class=\"fusion-clearfix\"><\/div><\/div><\/div><\/div><\/div><style type=\"text\/css\">.fusion-fullwidth.fusion-builder-row-2 a:not(.fusion-button):not(.fusion-builder-module-control):not(.fusion-social-network-icon):not(.fb-icon-element):not(.fusion-countdown-link):not(.fusion-rollover-link):not(.fusion-rollover-gallery):not(.fusion-button-bar):not(.add_to_cart_button):not(.show_details_button):not(.product_type_external):not(.fusion-quick-view):not(.fusion-rollover-title-link):not(.fusion-breadcrumb-link) , .fusion-fullwidth.fusion-builder-row-2 a:not(.fusion-button):not(.fusion-builder-module-control):not(.fusion-social-network-icon):not(.fb-icon-element):not(.fusion-countdown-link):not(.fusion-rollover-link):not(.fusion-rollover-gallery):not(.fusion-button-bar):not(.add_to_cart_button):not(.show_details_button):not(.product_type_external):not(.fusion-quick-view):not(.fusion-rollover-title-link):not(.fusion-breadcrumb-link):before, .fusion-fullwidth.fusion-builder-row-2 a:not(.fusion-button):not(.fusion-builder-module-control):not(.fusion-social-network-icon):not(.fb-icon-element):not(.fusion-countdown-link):not(.fusion-rollover-link):not(.fusion-rollover-gallery):not(.fusion-button-bar):not(.add_to_cart_button):not(.show_details_button):not(.product_type_external):not(.fusion-quick-view):not(.fusion-rollover-title-link):not(.fusion-breadcrumb-link):after {color: #212934;}.fusion-fullwidth.fusion-builder-row-2 a:not(.fusion-button):not(.fusion-builder-module-control):not(.fusion-social-network-icon):not(.fb-icon-element):not(.fusion-countdown-link):not(.fusion-rollover-link):not(.fusion-rollover-gallery):not(.fusion-button-bar):not(.add_to_cart_button):not(.show_details_button):not(.product_type_external):not(.fusion-quick-view):not(.fusion-rollover-title-link):not(.fusion-breadcrumb-link):hover, .fusion-fullwidth.fusion-builder-row-2 a:not(.fusion-button):not(.fusion-builder-module-control):not(.fusion-social-network-icon):not(.fb-icon-element):not(.fusion-countdown-link):not(.fusion-rollover-link):not(.fusion-rollover-gallery):not(.fusion-button-bar):not(.add_to_cart_button):not(.show_details_button):not(.product_type_external):not(.fusion-quick-view):not(.fusion-rollover-title-link):not(.fusion-breadcrumb-link):hover:before, .fusion-fullwidth.fusion-builder-row-2 a:not(.fusion-button):not(.fusion-builder-module-control):not(.fusion-social-network-icon):not(.fb-icon-element):not(.fusion-countdown-link):not(.fusion-rollover-link):not(.fusion-rollover-gallery):not(.fusion-button-bar):not(.add_to_cart_button):not(.show_details_button):not(.product_type_external):not(.fusion-quick-view):not(.fusion-rollover-title-link):not(.fusion-breadcrumb-link):hover:after {color: #65bc7b;}.fusion-fullwidth.fusion-builder-row-2 .pagination a.inactive:hover, .fusion-fullwidth.fusion-builder-row-2 .fusion-filters .fusion-filter.fusion-active a {border-color: #65bc7b;}.fusion-fullwidth.fusion-builder-row-2 .pagination .current {border-color: #65bc7b; background-color: #65bc7b;}.fusion-fullwidth.fusion-builder-row-2 .fusion-filters .fusion-filter.fusion-active a, .fusion-fullwidth.fusion-builder-row-2 .fusion-date-and-formats .fusion-format-box, .fusion-fullwidth.fusion-builder-row-2 .fusion-popover, .fusion-fullwidth.fusion-builder-row-2 .tooltip-shortcode {color: #65bc7b;}#main .fusion-fullwidth.fusion-builder-row-2 .post .blog-shortcode-post-title a:hover {color: #65bc7b;}<\/style><\/p>\n","protected":false},"excerpt":{"rendered":"","protected":false},"author":7,"featured_media":0,"parent":0,"menu_order":5,"comment_status":"closed","ping_status":"closed","template":"","meta":{"pgc_meta":"","footnotes":""},"class_list":["post-2266","page","type-page","status-publish","hentry"],"pgc_meta":"","yoast_head":"<!-- This site is optimized with the Yoast SEO plugin v22.8 - https:\/\/yoast.com\/wordpress\/plugins\/seo\/ -->\n<title>Accommodation packages | Zlat\u00fd K\u013e\u00fa\u010dik<\/title>\n<meta name=\"robots\" content=\"index, follow, max-snippet:-1, max-image-preview:large, max-video-preview:-1\" \/>\n<link rel=\"canonical\" href=\"https:\/\/zlatyklucik-old.odyzeoclients.com\/en\/accommodation-packages\/\" \/>\n<meta property=\"og:locale\" content=\"en_US\" \/>\n<meta property=\"og:type\" content=\"article\" \/>\n<meta property=\"og:title\" content=\"Accommodation packages | Zlat\u00fd K\u013e\u00fa\u010dik\" \/>\n<meta property=\"og:url\" content=\"https:\/\/zlatyklucik-old.odyzeoclients.com\/en\/accommodation-packages\/\" \/>\n<meta property=\"og:site_name\" content=\"Zlat\u00fd K\u013e\u00fa\u010dik\" \/>\n<meta property=\"article:modified_time\" content=\"2020-09-07T12:22:00+00:00\" \/>\n<meta name=\"twitter:card\" content=\"summary_large_image\" \/>\n<meta name=\"twitter:label1\" content=\"Est. reading time\" \/>\n\t<meta name=\"twitter:data1\" content=\"4 minutes\" \/>\n<script type=\"application\/ld+json\" class=\"yoast-schema-graph\">{\"@context\":\"https:\/\/schema.org\",\"@graph\":[{\"@type\":\"WebPage\",\"@id\":\"https:\/\/zlatyklucik-old.odyzeoclients.com\/en\/accommodation-packages\/\",\"url\":\"https:\/\/zlatyklucik-old.odyzeoclients.com\/en\/accommodation-packages\/\",\"name\":\"Accommodation packages | Zlat\u00fd K\u013e\u00fa\u010dik\",\"isPartOf\":{\"@id\":\"https:\/\/zlatyklucik-old.odyzeoclients.com\/en\/#website\"},\"datePublished\":\"2018-07-07T09:13:17+00:00\",\"dateModified\":\"2020-09-07T12:22:00+00:00\",\"breadcrumb\":{\"@id\":\"https:\/\/zlatyklucik-old.odyzeoclients.com\/en\/accommodation-packages\/#breadcrumb\"},\"inLanguage\":\"en-US\",\"potentialAction\":[{\"@type\":\"ReadAction\",\"target\":[\"https:\/\/zlatyklucik-old.odyzeoclients.com\/en\/accommodation-packages\/\"]}]},{\"@type\":\"BreadcrumbList\",\"@id\":\"https:\/\/zlatyklucik-old.odyzeoclients.com\/en\/accommodation-packages\/#breadcrumb\",\"itemListElement\":[{\"@type\":\"ListItem\",\"position\":1,\"name\":\"Home\",\"item\":\"https:\/\/zlatyklucik-old.odyzeoclients.com\/en\/\"},{\"@type\":\"ListItem\",\"position\":2,\"name\":\"Accommodation packages\"}]},{\"@type\":\"WebSite\",\"@id\":\"https:\/\/zlatyklucik-old.odyzeoclients.com\/en\/#website\",\"url\":\"https:\/\/zlatyklucik-old.odyzeoclients.com\/en\/\",\"name\":\"Zlat\u00fd K\u013e\u00fa\u010dik\",\"description\":\"V\u0161etky fam\u00f3zne veci na jednom mieste\",\"potentialAction\":[{\"@type\":\"SearchAction\",\"target\":{\"@type\":\"EntryPoint\",\"urlTemplate\":\"https:\/\/zlatyklucik-old.odyzeoclients.com\/en\/?s={search_term_string}\"},\"query-input\":\"required name=search_term_string\"}],\"inLanguage\":\"en-US\"}]}<\/script>\n<!-- \/ Yoast SEO plugin. -->","yoast_head_json":{"title":"Accommodation packages | Zlat\u00fd K\u013e\u00fa\u010dik","robots":{"index":"index","follow":"follow","max-snippet":"max-snippet:-1","max-image-preview":"max-image-preview:large","max-video-preview":"max-video-preview:-1"},"canonical":"https:\/\/zlatyklucik-old.odyzeoclients.com\/en\/accommodation-packages\/","og_locale":"en_US","og_type":"article","og_title":"Accommodation packages | Zlat\u00fd K\u013e\u00fa\u010dik","og_url":"https:\/\/zlatyklucik-old.odyzeoclients.com\/en\/accommodation-packages\/","og_site_name":"Zlat\u00fd K\u013e\u00fa\u010dik","article_modified_time":"2020-09-07T12:22:00+00:00","twitter_card":"summary_large_image","twitter_misc":{"Est. reading time":"4 minutes"},"schema":{"@context":"https:\/\/schema.org","@graph":[{"@type":"WebPage","@id":"https:\/\/zlatyklucik-old.odyzeoclients.com\/en\/accommodation-packages\/","url":"https:\/\/zlatyklucik-old.odyzeoclients.com\/en\/accommodation-packages\/","name":"Accommodation packages | Zlat\u00fd K\u013e\u00fa\u010dik","isPartOf":{"@id":"https:\/\/zlatyklucik-old.odyzeoclients.com\/en\/#website"},"datePublished":"2018-07-07T09:13:17+00:00","dateModified":"2020-09-07T12:22:00+00:00","breadcrumb":{"@id":"https:\/\/zlatyklucik-old.odyzeoclients.com\/en\/accommodation-packages\/#breadcrumb"},"inLanguage":"en-US","potentialAction":[{"@type":"ReadAction","target":["https:\/\/zlatyklucik-old.odyzeoclients.com\/en\/accommodation-packages\/"]}]},{"@type":"BreadcrumbList","@id":"https:\/\/zlatyklucik-old.odyzeoclients.com\/en\/accommodation-packages\/#breadcrumb","itemListElement":[{"@type":"ListItem","position":1,"name":"Home","item":"https:\/\/zlatyklucik-old.odyzeoclients.com\/en\/"},{"@type":"ListItem","position":2,"name":"Accommodation packages"}]},{"@type":"WebSite","@id":"https:\/\/zlatyklucik-old.odyzeoclients.com\/en\/#website","url":"https:\/\/zlatyklucik-old.odyzeoclients.com\/en\/","name":"Zlat\u00fd K\u013e\u00fa\u010dik","description":"V\u0161etky fam\u00f3zne veci na jednom mieste","potentialAction":[{"@type":"SearchAction","target":{"@type":"EntryPoint","urlTemplate":"https:\/\/zlatyklucik-old.odyzeoclients.com\/en\/?s={search_term_string}"},"query-input":"required name=search_term_string"}],"inLanguage":"en-US"}]}},"_links":{"self":[{"href":"https:\/\/zlatyklucik-old.odyzeoclients.com\/en\/wp-json\/wp\/v2\/pages\/2266"}],"collection":[{"href":"https:\/\/zlatyklucik-old.odyzeoclients.com\/en\/wp-json\/wp\/v2\/pages"}],"about":[{"href":"https:\/\/zlatyklucik-old.odyzeoclients.com\/en\/wp-json\/wp\/v2\/types\/page"}],"author":[{"embeddable":true,"href":"https:\/\/zlatyklucik-old.odyzeoclients.com\/en\/wp-json\/wp\/v2\/users\/7"}],"replies":[{"embeddable":true,"href":"https:\/\/zlatyklucik-old.odyzeoclients.com\/en\/wp-json\/wp\/v2\/comments?post=2266"}],"version-history":[{"count":33,"href":"https:\/\/zlatyklucik-old.odyzeoclients.com\/en\/wp-json\/wp\/v2\/pages\/2266\/revisions"}],"predecessor-version":[{"id":7626,"href":"https:\/\/zlatyklucik-old.odyzeoclients.com\/en\/wp-json\/wp\/v2\/pages\/2266\/revisions\/7626"}],"wp:attachment":[{"href":"https:\/\/zlatyklucik-old.odyzeoclients.com\/en\/wp-json\/wp\/v2\/media?parent=2266"}],"curies":[{"name":"wp","href":"https:\/\/api.w.org\/{rel}","templated":true}]}}