{"id":2269,"date":"2018-07-07T11:13:18","date_gmt":"2018-07-07T09:13:18","guid":{"rendered":"https:\/\/zlatyklucik-old.odyzeoclients.com\/?page_id=2269"},"modified":"2019-09-29T16:45:50","modified_gmt":"2019-09-29T14:45:50","slug":"pamper-stay","status":"publish","type":"page","link":"https:\/\/zlatyklucik-old.odyzeoclients.com\/en\/accommodation-packages\/pamper-stay\/","title":{"rendered":"Pamper stay"},"content":{"rendered":"<div class=\"fusion-fullwidth fullwidth-box fusion-builder-row-1 specialoffers nonhundred-percent-fullwidth non-hundred-percent-height-scrolling\"  style='background-color: rgba(255,255,255,0);background-position: center center;background-repeat: no-repeat;padding-top:0px;padding-right:0px;padding-bottom:0px;padding-left:0px;'><div class=\"fusion-builder-row fusion-row \"><div  class=\"fusion-layout-column fusion_builder_column fusion_builder_column_1_1 fusion-builder-column-0 fusion-one-full fusion-column-first fusion-column-last 1_1\"  style='margin-top:0px;margin-bottom:20px;'><div class=\"fusion-column-wrapper\" style=\"padding: 0px 0px 0px 0px;background-position:left top;background-repeat:no-repeat;-webkit-background-size:cover;-moz-background-size:cover;-o-background-size:cover;background-size:cover;\"   data-bg-url=\"\"><div class=\"fusion-text\"><p><img loading=\"lazy\" decoding=\"async\" class=\"wp-image-3609 aligncenter\" src=\"https:\/\/zlatyklucik-old.odyzeoclients.com\/wp-content\/uploads\/IMG_0940-1-1024x683.jpg\" alt=\"Vikend_v_bavlnke_2\" width=\"571\" height=\"409\" \/><\/p>\n<h1>Pamper stay<\/h1>\n<p><strong>1 night 199\u20ac \/ 2 persons<\/strong><\/p>\n<p>Package includes:<\/p>\n<ul>\n<li>accommodation in 2-bed rooms SUPERIOR<\/li>\n<li>rich breakfast in the restaurant FRENCHIE TERRASSE<\/li>\n<li>5-course served dinner in the form of seasonal a la carte coupled with wine tasting<\/li>\n<li>unlimited access during opening hours to ORIENTAL LUXURY SPA throughout the stay<\/li>\n<li>30 minute aroma massage<\/li>\n<li>10% discount on massages and facial treatments from our offer<\/li>\n<li>unlimited fitness<\/li>\n<li>welcome drink on arrival<\/li>\n<li>bottle of sparkling wine in the room<\/li>\n<li>parking on site<\/li>\n<li>bathrobe and slippers<\/li>\n<li>coffee service<\/li>\n<li>wifi connection<\/li>\n<\/ul>\n<p>Valid until 27.12.2019<\/p>\n<\/div><div class=\"fusion-sep-clear\"><\/div><div class=\"fusion-separator fusion-full-width-sep sep-none\" style=\"margin-left: auto;margin-right: auto;margin-top:20px;\"><\/div><div class=\"fusion-text\"><p>All prices include VAT. City tax 0,70 EUR\/per person\/per night is not included in the price. Breakfast are buffet style or served from breakfast menu. Dinners are served from season a la carte. Check in from 14:00. Check out to 12:00. SPA is opened monday-friday from 16:00 to 24:00, saturday-sunday from 09:00 to 24:00. All treatments need to be pre-booked.<\/p>\n<\/div><div class=\"fusion-builder-row fusion-builder-row-inner fusion-row \"><div  class=\"fusion-layout-column fusion_builder_column fusion_builder_column_1_2 fusion-builder-nested-column-1 fusion-one-half fusion-column-first 1_2\"  style='margin-top: 0px;margin-bottom: 20px;width:50%;width:calc(50% - ( ( 4% ) * 0.5 ) );margin-right:4%;'>\n\t\t\t\t\t<div class=\"fusion-column-wrapper fusion-column-wrapper-1\" style=\"padding: 0px 0px 0px 0px;background-position:left top;background-repeat:no-repeat;-webkit-background-size:cover;-moz-background-size:cover;-o-background-size:cover;background-size:cover;\" data-bg-url=\"\">\n\t\t\t\t\t\t<div class=\"fusion-button-wrapper fusion-aligncenter\"><style type=\"text\/css\">.fusion-button.button-1 .fusion-button-text, .fusion-button.button-1 i {color:#d5a03a;}.fusion-button.button-1 .fusion-button-icon-divider{border-color:#d5a03a;}.fusion-button.button-1:hover .fusion-button-text, .fusion-button.button-1:hover i,.fusion-button.button-1:focus .fusion-button-text, .fusion-button.button-1:focus i,.fusion-button.button-1:active .fusion-button-text, .fusion-button.button-1:active{color:#ffffff;}.fusion-button.button-1:hover .fusion-button-icon-divider, .fusion-button.button-1:hover .fusion-button-icon-divider, .fusion-button.button-1:active .fusion-button-icon-divider{border-color:#ffffff;}.fusion-button.button-1:hover, .fusion-button.button-1:focus, .fusion-button.button-1:active{border-color:#ffffff;}.fusion-button.button-1 {border-color:#d5a03a;border-radius:0px;}.fusion-button.button-1{background: rgba(255,255,255,0);}.fusion-button.button-1:hover,.button-1:focus,.fusion-button.button-1:active{background: #5aa86c;}<\/style><a class=\"fusion-button button-flat button-large button-custom button-1 fusion-button-default-span fusion-animated button-more\" data-animationType=\"fadeIn\" data-animationDuration=\"1.0\" data-animationOffset=\"100%\" target=\"_self\" href=\"\/en\/price-list\"><i class=\"fa-window-minimize far button-icon-left\"><\/i><span class=\"fusion-button-text\">Prices<\/span><\/a><\/div>\n\n\t\t\t\t\t<\/div>\n\t\t\t\t<\/div><div  class=\"fusion-layout-column fusion_builder_column fusion_builder_column_1_2 fusion-builder-nested-column-2 fusion-one-half fusion-column-last 1_2\"  style='margin-top: 0px;margin-bottom: 20px;width:50%;width:calc(50% - ( ( 4% ) * 0.5 ) );'>\n\t\t\t\t\t<div class=\"fusion-column-wrapper fusion-column-wrapper-2\" style=\"background-position:left top;background-repeat:no-repeat;-webkit-background-size:cover;-moz-background-size:cover;-o-background-size:cover;background-size:cover;\" data-bg-url=\"\">\n\t\t\t\t\t\t<div class=\"fusion-button-wrapper fusion-alignright\"><style type=\"text\/css\">.fusion-button.button-2 {border-radius:4px;}<\/style><a class=\"fusion-button button-flat fusion-button-default-size button-default button-2 fusion-button-default-span fusion-button-default-type\" target=\"_self\" href=\"https:\/\/www.secure-hotel-booking.com\/Boutique-Hotel-Zlaty-Klucik\/2QES\/sk\/\"><span class=\"fusion-button-text\">Reservation<\/span><\/a><\/div>\n\n\t\t\t\t\t<\/div>\n\t\t\t\t<\/div><\/div><div class=\"fusion-sep-clear\"><\/div><div class=\"fusion-separator fusion-full-width-sep sep-none\" style=\"margin-left: auto;margin-right: auto;margin-top:20px;\"><\/div><div class=\"fusion-button-wrapper fusion-aligncenter\"><style type=\"text\/css\">.fusion-button.button-3 .fusion-button-text, .fusion-button.button-3 i {color:#d5a03a;}.fusion-button.button-3 .fusion-button-icon-divider{border-color:#d5a03a;}.fusion-button.button-3:hover .fusion-button-text, .fusion-button.button-3:hover i,.fusion-button.button-3:focus .fusion-button-text, .fusion-button.button-3:focus i,.fusion-button.button-3:active .fusion-button-text, .fusion-button.button-3:active{color:#ffffff;}.fusion-button.button-3:hover .fusion-button-icon-divider, .fusion-button.button-3:hover .fusion-button-icon-divider, .fusion-button.button-3:active .fusion-button-icon-divider{border-color:#ffffff;}.fusion-button.button-3:hover, .fusion-button.button-3:focus, .fusion-button.button-3:active{border-color:#ffffff;}.fusion-button.button-3 {border-color:#d5a03a;border-radius:0px;}.fusion-button.button-3{background: rgba(255,255,255,0);}.fusion-button.button-3:hover,.button-3:focus,.fusion-button.button-3:active{background: #5aa86c;}<\/style><a class=\"fusion-button button-flat button-large button-custom button-3 fusion-button-default-span fusion-animated button-more\" data-animationType=\"fadeIn\" data-animationDuration=\"1.0\" data-animationOffset=\"100%\" target=\"_self\" href=\"en\/special-offers\/\"><i class=\"fa-window-minimize far button-icon-left\"><\/i><span class=\"fusion-button-text\">All offers<\/span><\/a><\/div><div class=\"fusion-clearfix\"><\/div><\/div><\/div><\/div><\/div>\n","protected":false},"excerpt":{"rendered":"","protected":false},"author":7,"featured_media":0,"parent":2266,"menu_order":2,"comment_status":"closed","ping_status":"closed","template":"","meta":{"pgc_meta":"","footnotes":""},"class_list":["post-2269","page","type-page","status-publish","hentry"],"pgc_meta":"","yoast_head":"<!-- This site is optimized with the Yoast SEO plugin v22.8 - https:\/\/yoast.com\/wordpress\/plugins\/seo\/ -->\n<title>Pamper stay | Zlat\u00fd K\u013e\u00fa\u010dik<\/title>\n<meta name=\"robots\" content=\"index, follow, max-snippet:-1, max-image-preview:large, max-video-preview:-1\" \/>\n<link rel=\"canonical\" href=\"https:\/\/zlatyklucik-old.odyzeoclients.com\/en\/accommodation-packages\/pamper-stay\/\" \/>\n<meta property=\"og:locale\" content=\"en_US\" \/>\n<meta property=\"og:type\" content=\"article\" \/>\n<meta property=\"og:title\" content=\"Pamper stay | Zlat\u00fd K\u013e\u00fa\u010dik\" \/>\n<meta property=\"og:url\" content=\"https:\/\/zlatyklucik-old.odyzeoclients.com\/en\/accommodation-packages\/pamper-stay\/\" \/>\n<meta property=\"og:site_name\" content=\"Zlat\u00fd K\u013e\u00fa\u010dik\" \/>\n<meta property=\"article:modified_time\" content=\"2019-09-29T14:45:50+00:00\" \/>\n<meta property=\"og:image\" content=\"https:\/\/zlatyklucik-old.odyzeoclients.com\/wp-content\/uploads\/IMG_0940-1-1024x683.jpg\" \/>\n<meta name=\"twitter:card\" content=\"summary_large_image\" \/>\n<meta name=\"twitter:label1\" content=\"Est. reading time\" \/>\n\t<meta name=\"twitter:data1\" content=\"4 minutes\" \/>\n<script type=\"application\/ld+json\" class=\"yoast-schema-graph\">{\"@context\":\"https:\/\/schema.org\",\"@graph\":[{\"@type\":\"WebPage\",\"@id\":\"https:\/\/zlatyklucik-old.odyzeoclients.com\/en\/accommodation-packages\/pamper-stay\/\",\"url\":\"https:\/\/zlatyklucik-old.odyzeoclients.com\/en\/accommodation-packages\/pamper-stay\/\",\"name\":\"Pamper stay | Zlat\u00fd K\u013e\u00fa\u010dik\",\"isPartOf\":{\"@id\":\"https:\/\/zlatyklucik-old.odyzeoclients.com\/en\/#website\"},\"primaryImageOfPage\":{\"@id\":\"https:\/\/zlatyklucik-old.odyzeoclients.com\/en\/accommodation-packages\/pamper-stay\/#primaryimage\"},\"image\":{\"@id\":\"https:\/\/zlatyklucik-old.odyzeoclients.com\/en\/accommodation-packages\/pamper-stay\/#primaryimage\"},\"thumbnailUrl\":\"https:\/\/zlatyklucik-old.odyzeoclients.com\/wp-content\/uploads\/IMG_0940-1-1024x683.jpg\",\"datePublished\":\"2018-07-07T09:13:18+00:00\",\"dateModified\":\"2019-09-29T14:45:50+00:00\",\"breadcrumb\":{\"@id\":\"https:\/\/zlatyklucik-old.odyzeoclients.com\/en\/accommodation-packages\/pamper-stay\/#breadcrumb\"},\"inLanguage\":\"en-US\",\"potentialAction\":[{\"@type\":\"ReadAction\",\"target\":[\"https:\/\/zlatyklucik-old.odyzeoclients.com\/en\/accommodation-packages\/pamper-stay\/\"]}]},{\"@type\":\"ImageObject\",\"inLanguage\":\"en-US\",\"@id\":\"https:\/\/zlatyklucik-old.odyzeoclients.com\/en\/accommodation-packages\/pamper-stay\/#primaryimage\",\"url\":\"https:\/\/zlatyklucik-old.odyzeoclients.com\/wp-content\/uploads\/IMG_0940-1-1024x683.jpg\",\"contentUrl\":\"https:\/\/zlatyklucik-old.odyzeoclients.com\/wp-content\/uploads\/IMG_0940-1-1024x683.jpg\"},{\"@type\":\"BreadcrumbList\",\"@id\":\"https:\/\/zlatyklucik-old.odyzeoclients.com\/en\/accommodation-packages\/pamper-stay\/#breadcrumb\",\"itemListElement\":[{\"@type\":\"ListItem\",\"position\":1,\"name\":\"Home\",\"item\":\"https:\/\/zlatyklucik-old.odyzeoclients.com\/en\/\"},{\"@type\":\"ListItem\",\"position\":2,\"name\":\"Accommodation packages\",\"item\":\"https:\/\/zlatyklucik-old.odyzeoclients.com\/en\/accommodation-packages\/\"},{\"@type\":\"ListItem\",\"position\":3,\"name\":\"Pamper stay\"}]},{\"@type\":\"WebSite\",\"@id\":\"https:\/\/zlatyklucik-old.odyzeoclients.com\/en\/#website\",\"url\":\"https:\/\/zlatyklucik-old.odyzeoclients.com\/en\/\",\"name\":\"Zlat\u00fd K\u013e\u00fa\u010dik\",\"description\":\"V\u0161etky fam\u00f3zne veci na jednom mieste\",\"potentialAction\":[{\"@type\":\"SearchAction\",\"target\":{\"@type\":\"EntryPoint\",\"urlTemplate\":\"https:\/\/zlatyklucik-old.odyzeoclients.com\/en\/?s={search_term_string}\"},\"query-input\":\"required name=search_term_string\"}],\"inLanguage\":\"en-US\"}]}<\/script>\n<!-- \/ Yoast SEO plugin. -->","yoast_head_json":{"title":"Pamper stay | Zlat\u00fd K\u013e\u00fa\u010dik","robots":{"index":"index","follow":"follow","max-snippet":"max-snippet:-1","max-image-preview":"max-image-preview:large","max-video-preview":"max-video-preview:-1"},"canonical":"https:\/\/zlatyklucik-old.odyzeoclients.com\/en\/accommodation-packages\/pamper-stay\/","og_locale":"en_US","og_type":"article","og_title":"Pamper stay | Zlat\u00fd K\u013e\u00fa\u010dik","og_url":"https:\/\/zlatyklucik-old.odyzeoclients.com\/en\/accommodation-packages\/pamper-stay\/","og_site_name":"Zlat\u00fd K\u013e\u00fa\u010dik","article_modified_time":"2019-09-29T14:45:50+00:00","og_image":[{"url":"https:\/\/zlatyklucik-old.odyzeoclients.com\/wp-content\/uploads\/IMG_0940-1-1024x683.jpg"}],"twitter_card":"summary_large_image","twitter_misc":{"Est. reading time":"4 minutes"},"schema":{"@context":"https:\/\/schema.org","@graph":[{"@type":"WebPage","@id":"https:\/\/zlatyklucik-old.odyzeoclients.com\/en\/accommodation-packages\/pamper-stay\/","url":"https:\/\/zlatyklucik-old.odyzeoclients.com\/en\/accommodation-packages\/pamper-stay\/","name":"Pamper stay | Zlat\u00fd K\u013e\u00fa\u010dik","isPartOf":{"@id":"https:\/\/zlatyklucik-old.odyzeoclients.com\/en\/#website"},"primaryImageOfPage":{"@id":"https:\/\/zlatyklucik-old.odyzeoclients.com\/en\/accommodation-packages\/pamper-stay\/#primaryimage"},"image":{"@id":"https:\/\/zlatyklucik-old.odyzeoclients.com\/en\/accommodation-packages\/pamper-stay\/#primaryimage"},"thumbnailUrl":"https:\/\/zlatyklucik-old.odyzeoclients.com\/wp-content\/uploads\/IMG_0940-1-1024x683.jpg","datePublished":"2018-07-07T09:13:18+00:00","dateModified":"2019-09-29T14:45:50+00:00","breadcrumb":{"@id":"https:\/\/zlatyklucik-old.odyzeoclients.com\/en\/accommodation-packages\/pamper-stay\/#breadcrumb"},"inLanguage":"en-US","potentialAction":[{"@type":"ReadAction","target":["https:\/\/zlatyklucik-old.odyzeoclients.com\/en\/accommodation-packages\/pamper-stay\/"]}]},{"@type":"ImageObject","inLanguage":"en-US","@id":"https:\/\/zlatyklucik-old.odyzeoclients.com\/en\/accommodation-packages\/pamper-stay\/#primaryimage","url":"https:\/\/zlatyklucik-old.odyzeoclients.com\/wp-content\/uploads\/IMG_0940-1-1024x683.jpg","contentUrl":"https:\/\/zlatyklucik-old.odyzeoclients.com\/wp-content\/uploads\/IMG_0940-1-1024x683.jpg"},{"@type":"BreadcrumbList","@id":"https:\/\/zlatyklucik-old.odyzeoclients.com\/en\/accommodation-packages\/pamper-stay\/#breadcrumb","itemListElement":[{"@type":"ListItem","position":1,"name":"Home","item":"https:\/\/zlatyklucik-old.odyzeoclients.com\/en\/"},{"@type":"ListItem","position":2,"name":"Accommodation packages","item":"https:\/\/zlatyklucik-old.odyzeoclients.com\/en\/accommodation-packages\/"},{"@type":"ListItem","position":3,"name":"Pamper stay"}]},{"@type":"WebSite","@id":"https:\/\/zlatyklucik-old.odyzeoclients.com\/en\/#website","url":"https:\/\/zlatyklucik-old.odyzeoclients.com\/en\/","name":"Zlat\u00fd K\u013e\u00fa\u010dik","description":"V\u0161etky fam\u00f3zne veci na jednom mieste","potentialAction":[{"@type":"SearchAction","target":{"@type":"EntryPoint","urlTemplate":"https:\/\/zlatyklucik-old.odyzeoclients.com\/en\/?s={search_term_string}"},"query-input":"required name=search_term_string"}],"inLanguage":"en-US"}]}},"_links":{"self":[{"href":"https:\/\/zlatyklucik-old.odyzeoclients.com\/en\/wp-json\/wp\/v2\/pages\/2269"}],"collection":[{"href":"https:\/\/zlatyklucik-old.odyzeoclients.com\/en\/wp-json\/wp\/v2\/pages"}],"about":[{"href":"https:\/\/zlatyklucik-old.odyzeoclients.com\/en\/wp-json\/wp\/v2\/types\/page"}],"author":[{"embeddable":true,"href":"https:\/\/zlatyklucik-old.odyzeoclients.com\/en\/wp-json\/wp\/v2\/users\/7"}],"replies":[{"embeddable":true,"href":"https:\/\/zlatyklucik-old.odyzeoclients.com\/en\/wp-json\/wp\/v2\/comments?post=2269"}],"version-history":[{"count":5,"href":"https:\/\/zlatyklucik-old.odyzeoclients.com\/en\/wp-json\/wp\/v2\/pages\/2269\/revisions"}],"predecessor-version":[{"id":4332,"href":"https:\/\/zlatyklucik-old.odyzeoclients.com\/en\/wp-json\/wp\/v2\/pages\/2269\/revisions\/4332"}],"up":[{"embeddable":true,"href":"https:\/\/zlatyklucik-old.odyzeoclients.com\/en\/wp-json\/wp\/v2\/pages\/2266"}],"wp:attachment":[{"href":"https:\/\/zlatyklucik-old.odyzeoclients.com\/en\/wp-json\/wp\/v2\/media?parent=2269"}],"curies":[{"name":"wp","href":"https:\/\/api.w.org\/{rel}","templated":true}]}}