{"id":2273,"date":"2018-07-07T11:13:18","date_gmt":"2018-07-07T09:13:18","guid":{"rendered":"https:\/\/zlatyklucik-old.odyzeoclients.com\/?page_id=2273"},"modified":"2018-08-07T23:13:01","modified_gmt":"2018-08-07T21:13:01","slug":"happy-hours","status":"publish","type":"page","link":"https:\/\/zlatyklucik-old.odyzeoclients.com\/en\/accommodation-packages\/happy-hours\/","title":{"rendered":"Happy hours"},"content":{"rendered":"<div class=\"fusion-fullwidth fullwidth-box fusion-builder-row-1 specialoffers nonhundred-percent-fullwidth non-hundred-percent-height-scrolling\"  style='background-color: rgba(255,255,255,0);background-position: center center;background-repeat: no-repeat;padding-top:0px;padding-right:0px;padding-bottom:0px;padding-left:0px;'><div class=\"fusion-builder-row fusion-row \"><div  class=\"fusion-layout-column fusion_builder_column fusion_builder_column_1_1 fusion-builder-column-0 fusion-one-full fusion-column-first fusion-column-last 1_1\"  style='margin-top:0px;margin-bottom:20px;'><div class=\"fusion-column-wrapper\" style=\"padding: 0px 0px 0px 0px;background-position:left top;background-repeat:no-repeat;-webkit-background-size:cover;-moz-background-size:cover;-o-background-size:cover;background-size:cover;\"   data-bg-url=\"\"><div class=\"fusion-text\"><div class=\"innercontaineroffers\">\n<h1>Happy hours 1+1 GRATIS<\/h1>\n<p><strong>Sauna world<\/strong><\/p>\n<p>Step into a place where you forget all the problems and worries of ordinary days. A place breathing with luxury that gives you a sense of excellence. You suddenly feel like you were in the fairy tale of Thousand and One Night.<\/p>\n<p>Finnish dry sauna has regenerative and relaxing effects and is excellent for preventing various types of diseases. It is especially effective in relaxing the musculature, with the resulting in overall relaxation. The high temperature of the air in the Finnish sauna helps to increase the body&#8217;s sweat, so the body better gets rid of toxic substances. It activates the activity of glands and therefore ensures detoxify the body and strengthen the immune system.<\/p>\n<p>Herbal sauna is an alternative for those who don\u00b4t like very hot places like a classic sauna or for parents with children.\u00a0Aromatic herbal sauna is heated to a lower temperature and the air smells with herbal essences. When breathing these essences, breaths are released.<\/p>\n<p>A stay in steam sauna has amazing effect on the skin. Pores are opened, undesirable substances are washed out of the skin. \u00a0In the sauna you can get rid of hated cellulite as well.<\/p>\n<p><img loading=\"lazy\" decoding=\"async\" class=\"aligncenter size-full wp-image-2027\" src=\"\/wp-content\/uploads\/spa.jpg\" alt=\"happy-hours img\" width=\"1194\" height=\"262\" srcset=\"https:\/\/zlatyklucik-old.odyzeoclients.com\/wp-content\/uploads\/spa-200x44.jpg 200w, https:\/\/zlatyklucik-old.odyzeoclients.com\/wp-content\/uploads\/spa-300x66.jpg 300w, https:\/\/zlatyklucik-old.odyzeoclients.com\/wp-content\/uploads\/spa-400x88.jpg 400w, https:\/\/zlatyklucik-old.odyzeoclients.com\/wp-content\/uploads\/spa-600x132.jpg 600w, https:\/\/zlatyklucik-old.odyzeoclients.com\/wp-content\/uploads\/spa-768x169.jpg 768w, https:\/\/zlatyklucik-old.odyzeoclients.com\/wp-content\/uploads\/spa-800x176.jpg 800w, https:\/\/zlatyklucik-old.odyzeoclients.com\/wp-content\/uploads\/spa-1024x225.jpg 1024w, https:\/\/zlatyklucik-old.odyzeoclients.com\/wp-content\/uploads\/spa.jpg 1194w\" sizes=\"(max-width: 1194px) 100vw, 1194px\" \/><\/p>\n<p><strong>Additional services<\/strong><\/p>\n<p>Would you like to have massage or facial treatment? Your welcome, we are here for you. Caring about yourself is the best investment.<\/p>\n<p><b>A luxury that you can indulge<\/b><\/p>\n<p>Visit our Oriental Luxury Spa from Monday to Thursday 16:00 to 19:00 and take advantage of discounts 1 + 1 person free.<\/p>\n<p><img decoding=\"async\" class=\"aligncenter size-full wp-image-2028\" src=\"\/wp-content\/uploads\/blb-wellnes-11-1024x482.jpg\" alt=\"happy-hours img\u013e\" width=\"1194\" srcset=\"https:\/\/zlatyklucik-old.odyzeoclients.com\/wp-content\/uploads\/blb-wellnes-11-1024x482-200x94.jpg 200w, https:\/\/zlatyklucik-old.odyzeoclients.com\/wp-content\/uploads\/blb-wellnes-11-1024x482-300x141.jpg 300w, https:\/\/zlatyklucik-old.odyzeoclients.com\/wp-content\/uploads\/blb-wellnes-11-1024x482-400x188.jpg 400w, https:\/\/zlatyklucik-old.odyzeoclients.com\/wp-content\/uploads\/blb-wellnes-11-1024x482-600x282.jpg 600w, https:\/\/zlatyklucik-old.odyzeoclients.com\/wp-content\/uploads\/blb-wellnes-11-1024x482-768x362.jpg 768w, https:\/\/zlatyklucik-old.odyzeoclients.com\/wp-content\/uploads\/blb-wellnes-11-1024x482-800x377.jpg 800w, https:\/\/zlatyklucik-old.odyzeoclients.com\/wp-content\/uploads\/blb-wellnes-11-1024x482.jpg 1024w\" sizes=\"(max-width: 1024px) 100vw, 1024px\" \/><\/p>\n<\/div>\n<\/div><div class=\"fusion-button-wrapper fusion-alignright\"><style type=\"text\/css\">.fusion-button.button-1 {border-radius:4px;}<\/style><a class=\"fusion-button button-flat fusion-button-default-size button-default button-1 fusion-button-default-span fusion-button-default-type\" target=\"_self\" href=\"https:\/\/zlatyklucik-old.odyzeoclients.com\/en\/reservation\/pre-booking-of-spa-entry-treatments\/\"><span class=\"fusion-button-text\">Reservation<\/span><\/a><\/div><div class=\"fusion-sep-clear\"><\/div><div class=\"fusion-separator fusion-full-width-sep sep-none\" style=\"margin-left: auto;margin-right: auto;margin-top:20px;\"><\/div><div class=\"fusion-button-wrapper fusion-aligncenter\"><style type=\"text\/css\">.fusion-button.button-2 .fusion-button-text, .fusion-button.button-2 i {color:#d5a03a;}.fusion-button.button-2 .fusion-button-icon-divider{border-color:#d5a03a;}.fusion-button.button-2:hover .fusion-button-text, .fusion-button.button-2:hover i,.fusion-button.button-2:focus .fusion-button-text, .fusion-button.button-2:focus i,.fusion-button.button-2:active .fusion-button-text, .fusion-button.button-2:active{color:#ffffff;}.fusion-button.button-2:hover .fusion-button-icon-divider, .fusion-button.button-2:hover .fusion-button-icon-divider, .fusion-button.button-2:active .fusion-button-icon-divider{border-color:#ffffff;}.fusion-button.button-2:hover, .fusion-button.button-2:focus, .fusion-button.button-2:active{border-color:#ffffff;}.fusion-button.button-2 {border-color:#d5a03a;border-radius:0px;}.fusion-button.button-2{background: rgba(255,255,255,0);}.fusion-button.button-2:hover,.button-2:focus,.fusion-button.button-2:active{background: #5aa86c;}<\/style><a class=\"fusion-button button-flat button-large button-custom button-2 fusion-button-default-span fusion-animated button-more\" data-animationType=\"fadeIn\" data-animationDuration=\"1.0\" data-animationOffset=\"100%\" target=\"_self\" href=\"\/specialoffers\"><i class=\"fa-window-minimize far button-icon-left\"><\/i><span class=\"fusion-button-text\">All offers<\/span><\/a><\/div><div class=\"fusion-clearfix\"><\/div><\/div><\/div><\/div><\/div>\n","protected":false},"excerpt":{"rendered":"","protected":false},"author":7,"featured_media":0,"parent":2266,"menu_order":3,"comment_status":"closed","ping_status":"closed","template":"","meta":{"pgc_meta":"","footnotes":""},"class_list":["post-2273","page","type-page","status-publish","hentry"],"pgc_meta":"","yoast_head":"<!-- This site is optimized with the Yoast SEO plugin v22.8 - https:\/\/yoast.com\/wordpress\/plugins\/seo\/ -->\n<title>Happy hours | Zlat\u00fd K\u013e\u00fa\u010dik<\/title>\n<meta name=\"robots\" content=\"index, follow, max-snippet:-1, max-image-preview:large, max-video-preview:-1\" \/>\n<link rel=\"canonical\" href=\"https:\/\/zlatyklucik-old.odyzeoclients.com\/en\/accommodation-packages\/happy-hours\/\" \/>\n<meta property=\"og:locale\" content=\"en_US\" \/>\n<meta property=\"og:type\" content=\"article\" \/>\n<meta property=\"og:title\" content=\"Happy hours | Zlat\u00fd K\u013e\u00fa\u010dik\" \/>\n<meta property=\"og:url\" content=\"https:\/\/zlatyklucik-old.odyzeoclients.com\/en\/accommodation-packages\/happy-hours\/\" \/>\n<meta property=\"og:site_name\" content=\"Zlat\u00fd K\u013e\u00fa\u010dik\" \/>\n<meta property=\"article:modified_time\" content=\"2018-08-07T21:13:01+00:00\" \/>\n<meta name=\"twitter:card\" content=\"summary_large_image\" \/>\n<meta name=\"twitter:label1\" content=\"Est. reading time\" \/>\n\t<meta name=\"twitter:data1\" content=\"3 minutes\" \/>\n<script type=\"application\/ld+json\" class=\"yoast-schema-graph\">{\"@context\":\"https:\/\/schema.org\",\"@graph\":[{\"@type\":\"WebPage\",\"@id\":\"https:\/\/zlatyklucik-old.odyzeoclients.com\/en\/accommodation-packages\/happy-hours\/\",\"url\":\"https:\/\/zlatyklucik-old.odyzeoclients.com\/en\/accommodation-packages\/happy-hours\/\",\"name\":\"Happy hours | Zlat\u00fd K\u013e\u00fa\u010dik\",\"isPartOf\":{\"@id\":\"https:\/\/zlatyklucik-old.odyzeoclients.com\/en\/#website\"},\"datePublished\":\"2018-07-07T09:13:18+00:00\",\"dateModified\":\"2018-08-07T21:13:01+00:00\",\"breadcrumb\":{\"@id\":\"https:\/\/zlatyklucik-old.odyzeoclients.com\/en\/accommodation-packages\/happy-hours\/#breadcrumb\"},\"inLanguage\":\"en-US\",\"potentialAction\":[{\"@type\":\"ReadAction\",\"target\":[\"https:\/\/zlatyklucik-old.odyzeoclients.com\/en\/accommodation-packages\/happy-hours\/\"]}]},{\"@type\":\"BreadcrumbList\",\"@id\":\"https:\/\/zlatyklucik-old.odyzeoclients.com\/en\/accommodation-packages\/happy-hours\/#breadcrumb\",\"itemListElement\":[{\"@type\":\"ListItem\",\"position\":1,\"name\":\"Home\",\"item\":\"https:\/\/zlatyklucik-old.odyzeoclients.com\/en\/\"},{\"@type\":\"ListItem\",\"position\":2,\"name\":\"Accommodation packages\",\"item\":\"https:\/\/zlatyklucik-old.odyzeoclients.com\/en\/accommodation-packages\/\"},{\"@type\":\"ListItem\",\"position\":3,\"name\":\"Happy hours\"}]},{\"@type\":\"WebSite\",\"@id\":\"https:\/\/zlatyklucik-old.odyzeoclients.com\/en\/#website\",\"url\":\"https:\/\/zlatyklucik-old.odyzeoclients.com\/en\/\",\"name\":\"Zlat\u00fd K\u013e\u00fa\u010dik\",\"description\":\"V\u0161etky fam\u00f3zne veci na jednom mieste\",\"potentialAction\":[{\"@type\":\"SearchAction\",\"target\":{\"@type\":\"EntryPoint\",\"urlTemplate\":\"https:\/\/zlatyklucik-old.odyzeoclients.com\/en\/?s={search_term_string}\"},\"query-input\":\"required name=search_term_string\"}],\"inLanguage\":\"en-US\"}]}<\/script>\n<!-- \/ Yoast SEO plugin. -->","yoast_head_json":{"title":"Happy hours | Zlat\u00fd K\u013e\u00fa\u010dik","robots":{"index":"index","follow":"follow","max-snippet":"max-snippet:-1","max-image-preview":"max-image-preview:large","max-video-preview":"max-video-preview:-1"},"canonical":"https:\/\/zlatyklucik-old.odyzeoclients.com\/en\/accommodation-packages\/happy-hours\/","og_locale":"en_US","og_type":"article","og_title":"Happy hours | Zlat\u00fd K\u013e\u00fa\u010dik","og_url":"https:\/\/zlatyklucik-old.odyzeoclients.com\/en\/accommodation-packages\/happy-hours\/","og_site_name":"Zlat\u00fd K\u013e\u00fa\u010dik","article_modified_time":"2018-08-07T21:13:01+00:00","twitter_card":"summary_large_image","twitter_misc":{"Est. reading time":"3 minutes"},"schema":{"@context":"https:\/\/schema.org","@graph":[{"@type":"WebPage","@id":"https:\/\/zlatyklucik-old.odyzeoclients.com\/en\/accommodation-packages\/happy-hours\/","url":"https:\/\/zlatyklucik-old.odyzeoclients.com\/en\/accommodation-packages\/happy-hours\/","name":"Happy hours | Zlat\u00fd K\u013e\u00fa\u010dik","isPartOf":{"@id":"https:\/\/zlatyklucik-old.odyzeoclients.com\/en\/#website"},"datePublished":"2018-07-07T09:13:18+00:00","dateModified":"2018-08-07T21:13:01+00:00","breadcrumb":{"@id":"https:\/\/zlatyklucik-old.odyzeoclients.com\/en\/accommodation-packages\/happy-hours\/#breadcrumb"},"inLanguage":"en-US","potentialAction":[{"@type":"ReadAction","target":["https:\/\/zlatyklucik-old.odyzeoclients.com\/en\/accommodation-packages\/happy-hours\/"]}]},{"@type":"BreadcrumbList","@id":"https:\/\/zlatyklucik-old.odyzeoclients.com\/en\/accommodation-packages\/happy-hours\/#breadcrumb","itemListElement":[{"@type":"ListItem","position":1,"name":"Home","item":"https:\/\/zlatyklucik-old.odyzeoclients.com\/en\/"},{"@type":"ListItem","position":2,"name":"Accommodation packages","item":"https:\/\/zlatyklucik-old.odyzeoclients.com\/en\/accommodation-packages\/"},{"@type":"ListItem","position":3,"name":"Happy hours"}]},{"@type":"WebSite","@id":"https:\/\/zlatyklucik-old.odyzeoclients.com\/en\/#website","url":"https:\/\/zlatyklucik-old.odyzeoclients.com\/en\/","name":"Zlat\u00fd K\u013e\u00fa\u010dik","description":"V\u0161etky fam\u00f3zne veci na jednom mieste","potentialAction":[{"@type":"SearchAction","target":{"@type":"EntryPoint","urlTemplate":"https:\/\/zlatyklucik-old.odyzeoclients.com\/en\/?s={search_term_string}"},"query-input":"required name=search_term_string"}],"inLanguage":"en-US"}]}},"_links":{"self":[{"href":"https:\/\/zlatyklucik-old.odyzeoclients.com\/en\/wp-json\/wp\/v2\/pages\/2273"}],"collection":[{"href":"https:\/\/zlatyklucik-old.odyzeoclients.com\/en\/wp-json\/wp\/v2\/pages"}],"about":[{"href":"https:\/\/zlatyklucik-old.odyzeoclients.com\/en\/wp-json\/wp\/v2\/types\/page"}],"author":[{"embeddable":true,"href":"https:\/\/zlatyklucik-old.odyzeoclients.com\/en\/wp-json\/wp\/v2\/users\/7"}],"replies":[{"embeddable":true,"href":"https:\/\/zlatyklucik-old.odyzeoclients.com\/en\/wp-json\/wp\/v2\/comments?post=2273"}],"version-history":[{"count":3,"href":"https:\/\/zlatyklucik-old.odyzeoclients.com\/en\/wp-json\/wp\/v2\/pages\/2273\/revisions"}],"predecessor-version":[{"id":2503,"href":"https:\/\/zlatyklucik-old.odyzeoclients.com\/en\/wp-json\/wp\/v2\/pages\/2273\/revisions\/2503"}],"up":[{"embeddable":true,"href":"https:\/\/zlatyklucik-old.odyzeoclients.com\/en\/wp-json\/wp\/v2\/pages\/2266"}],"wp:attachment":[{"href":"https:\/\/zlatyklucik-old.odyzeoclients.com\/en\/wp-json\/wp\/v2\/media?parent=2273"}],"curies":[{"name":"wp","href":"https:\/\/api.w.org\/{rel}","templated":true}]}}