{"id":2288,"date":"2018-06-15T01:46:20","date_gmt":"2018-06-14T23:46:20","guid":{"rendered":"https:\/\/zlatyklucik-old.odyzeoclients.com\/?page_id=2288"},"modified":"2023-03-01T14:59:24","modified_gmt":"2023-03-01T13:59:24","slug":"reservation","status":"publish","type":"page","link":"https:\/\/zlatyklucik-old.odyzeoclients.com\/en\/reservation\/","title":{"rendered":"Booking"},"content":{"rendered":"<div class=\"fusion-fullwidth fullwidth-box fusion-builder-row-1 nonhundred-percent-fullwidth non-hundred-percent-height-scrolling\"  style='background-color: rgba(255,255,255,0);background-position: center center;background-repeat: no-repeat;padding-top:0px;padding-right:0px;padding-bottom:0px;padding-left:0px;'><div class=\"fusion-builder-row fusion-row \"><div  class=\"fusion-layout-column fusion_builder_column fusion_builder_column_1_1 fusion-builder-column-0 fusion-one-full fusion-column-first fusion-column-last 1_1\"  style='margin-top:0px;margin-bottom:20px;'><div class=\"fusion-column-wrapper\" style=\"padding: 0px 0px 0px 0px;background-position:left top;background-repeat:no-repeat;-webkit-background-size:cover;-moz-background-size:cover;-o-background-size:cover;background-size:cover;\"   data-bg-url=\"\"><style type=\"text\/css\">@media only screen and (max-width:800px) {.fusion-title.fusion-title-1{margin-top:10px!important;margin-bottom:10px!important;}}<\/style><div class=\"fusion-title title fusion-title-1 fusion-sep-none fusion-title-text fusion-title-size-one\" style=\"margin-top:10px;margin-bottom:15px;\"><h1 class=\"title-heading-left\" style=\"margin:0;\"><h2>What kind of booking are you interested in?<\/h2><\/h1><\/div><div class=\"fusion-text\"><div class=\"reservation-popup\">\n<div class=\"\">\n<div class=\"reservationpopuptop\" style=\"padding: 0;\"><\/div>\n<div class=\"reservationpopupbottom\" style=\"padding: 0; border: none;\">\n<form action=\"https:\/\/zlatyklucik-old.odyzeoclients.com\/reservation\/\" method=\"GET\">\n<div class=\"singleradiobutton\"><input id=\"radioroomsk\" checked name=\"reservationType\" type=\"radio\" value=\"https:\/\/www.secure-hotel-booking.com\/Boutique-Hotel-Zlaty-Klucik\/2QES\/en?hotelId=21703\"><label for=\"radioroomsk\">room reservation<\/label><\/div>\n<div class=\"singleradiobutton\"><input id=\"radioreservationsk\" name=\"reservationType\" type=\"radio\" value=\"\/preservation\/preservation-restaurant\/\"><label for=\"radioreservationsk\">restaurant reservation<\/label><\/div>\n<div class=\"singleradiobutton\"><input id=\"radiobusinesssk\" name=\"reservationType\" type=\"radio\" value=\"\/reservation\/preliminary-reservation-of-spaces-for-conference-conference-company-action\/\"><label for=\"radiobusinesssk\">reservation of premises for congress\/conference\/corporate event<\/label><\/div>\n<div class=\"singleradiobutton\"><input id=\"radioweddingsk\" name=\"reservationType\" type=\"radio\" value=\"\/rezervacia\/predbezna-svadobna-rezervacia\/\"><label for=\"radioweddingsk\">reservation of premises for the wedding<\/label><\/div>\n<div class=\"singleradiobutton\"><input id=\"radiospask\" name=\"reservationType\" type=\"radio\" value=\"https:\/\/services.bookio.com\/hotel-zlaty-klucik\/widget?lang=en\"><label for=\"radiospask\">SPA reservation<\/label><\/div>\n<div class=\"singleradiobutton\"><input id=\"radioprovisionalsk\" name=\"reservationType\" type=\"radio\" value=\"\/preservation\/preservation\/preservation\/\"><label for=\"radioprovisionalsk\">Other<\/label><\/div>\n<div class=\"text-right paddingtop25\"><a class=\"reservation-popup continue-button button fusion-button button-default button-square fusion-button-medium button-medium button-flat fusion-mobile-button continue-center\" style=\"-webkit-box-shadow: none; -moz-box-shadow: none; box-shadow: none; float: left;\" href=\"https:\/\/www.secure-hotel-booking.com\/Boutique-Hotel-Zlaty-Klucik\/2QES\/sk?hotelId=21703\" target=\"_blank\" rel=\"noopener noreferrer\">Continue<\/a><\/div>\n<\/form>\n<\/div>\n<\/div>\n<\/div>\n<\/div><div class=\"fusion-clearfix\"><\/div><\/div><\/div><\/div><\/div>\n","protected":false},"excerpt":{"rendered":"","protected":false},"author":7,"featured_media":0,"parent":0,"menu_order":10,"comment_status":"closed","ping_status":"closed","template":"","meta":{"pgc_meta":"","footnotes":""},"class_list":["post-2288","page","type-page","status-publish","hentry"],"pgc_meta":"","yoast_head":"<!-- This site is optimized with the Yoast SEO plugin v22.8 - https:\/\/yoast.com\/wordpress\/plugins\/seo\/ -->\n<title>Booking | Zlat\u00fd K\u013e\u00fa\u010dik<\/title>\n<meta name=\"robots\" content=\"index, follow, max-snippet:-1, max-image-preview:large, max-video-preview:-1\" \/>\n<link rel=\"canonical\" href=\"https:\/\/zlatyklucik-old.odyzeoclients.com\/en\/reservation\/\" \/>\n<meta property=\"og:locale\" content=\"en_US\" \/>\n<meta property=\"og:type\" content=\"article\" \/>\n<meta property=\"og:title\" content=\"Booking | Zlat\u00fd K\u013e\u00fa\u010dik\" \/>\n<meta property=\"og:url\" content=\"https:\/\/zlatyklucik-old.odyzeoclients.com\/en\/reservation\/\" \/>\n<meta property=\"og:site_name\" content=\"Zlat\u00fd K\u013e\u00fa\u010dik\" \/>\n<meta property=\"article:modified_time\" content=\"2023-03-01T13:59:24+00:00\" \/>\n<meta name=\"twitter:card\" content=\"summary_large_image\" \/>\n<meta name=\"twitter:label1\" content=\"Est. reading time\" \/>\n\t<meta name=\"twitter:data1\" content=\"1 minute\" \/>\n<script type=\"application\/ld+json\" class=\"yoast-schema-graph\">{\"@context\":\"https:\/\/schema.org\",\"@graph\":[{\"@type\":\"WebPage\",\"@id\":\"https:\/\/zlatyklucik-old.odyzeoclients.com\/en\/reservation\/\",\"url\":\"https:\/\/zlatyklucik-old.odyzeoclients.com\/en\/reservation\/\",\"name\":\"Booking | Zlat\u00fd K\u013e\u00fa\u010dik\",\"isPartOf\":{\"@id\":\"https:\/\/zlatyklucik-old.odyzeoclients.com\/en\/#website\"},\"datePublished\":\"2018-06-14T23:46:20+00:00\",\"dateModified\":\"2023-03-01T13:59:24+00:00\",\"breadcrumb\":{\"@id\":\"https:\/\/zlatyklucik-old.odyzeoclients.com\/en\/reservation\/#breadcrumb\"},\"inLanguage\":\"en-US\",\"potentialAction\":[{\"@type\":\"ReadAction\",\"target\":[\"https:\/\/zlatyklucik-old.odyzeoclients.com\/en\/reservation\/\"]}]},{\"@type\":\"BreadcrumbList\",\"@id\":\"https:\/\/zlatyklucik-old.odyzeoclients.com\/en\/reservation\/#breadcrumb\",\"itemListElement\":[{\"@type\":\"ListItem\",\"position\":1,\"name\":\"Home\",\"item\":\"https:\/\/zlatyklucik-old.odyzeoclients.com\/en\/\"},{\"@type\":\"ListItem\",\"position\":2,\"name\":\"Booking\"}]},{\"@type\":\"WebSite\",\"@id\":\"https:\/\/zlatyklucik-old.odyzeoclients.com\/en\/#website\",\"url\":\"https:\/\/zlatyklucik-old.odyzeoclients.com\/en\/\",\"name\":\"Zlat\u00fd K\u013e\u00fa\u010dik\",\"description\":\"V\u0161etky fam\u00f3zne veci na jednom mieste\",\"potentialAction\":[{\"@type\":\"SearchAction\",\"target\":{\"@type\":\"EntryPoint\",\"urlTemplate\":\"https:\/\/zlatyklucik-old.odyzeoclients.com\/en\/?s={search_term_string}\"},\"query-input\":\"required name=search_term_string\"}],\"inLanguage\":\"en-US\"}]}<\/script>\n<!-- \/ Yoast SEO plugin. -->","yoast_head_json":{"title":"Booking | Zlat\u00fd K\u013e\u00fa\u010dik","robots":{"index":"index","follow":"follow","max-snippet":"max-snippet:-1","max-image-preview":"max-image-preview:large","max-video-preview":"max-video-preview:-1"},"canonical":"https:\/\/zlatyklucik-old.odyzeoclients.com\/en\/reservation\/","og_locale":"en_US","og_type":"article","og_title":"Booking | Zlat\u00fd K\u013e\u00fa\u010dik","og_url":"https:\/\/zlatyklucik-old.odyzeoclients.com\/en\/reservation\/","og_site_name":"Zlat\u00fd K\u013e\u00fa\u010dik","article_modified_time":"2023-03-01T13:59:24+00:00","twitter_card":"summary_large_image","twitter_misc":{"Est. reading time":"1 minute"},"schema":{"@context":"https:\/\/schema.org","@graph":[{"@type":"WebPage","@id":"https:\/\/zlatyklucik-old.odyzeoclients.com\/en\/reservation\/","url":"https:\/\/zlatyklucik-old.odyzeoclients.com\/en\/reservation\/","name":"Booking | Zlat\u00fd K\u013e\u00fa\u010dik","isPartOf":{"@id":"https:\/\/zlatyklucik-old.odyzeoclients.com\/en\/#website"},"datePublished":"2018-06-14T23:46:20+00:00","dateModified":"2023-03-01T13:59:24+00:00","breadcrumb":{"@id":"https:\/\/zlatyklucik-old.odyzeoclients.com\/en\/reservation\/#breadcrumb"},"inLanguage":"en-US","potentialAction":[{"@type":"ReadAction","target":["https:\/\/zlatyklucik-old.odyzeoclients.com\/en\/reservation\/"]}]},{"@type":"BreadcrumbList","@id":"https:\/\/zlatyklucik-old.odyzeoclients.com\/en\/reservation\/#breadcrumb","itemListElement":[{"@type":"ListItem","position":1,"name":"Home","item":"https:\/\/zlatyklucik-old.odyzeoclients.com\/en\/"},{"@type":"ListItem","position":2,"name":"Booking"}]},{"@type":"WebSite","@id":"https:\/\/zlatyklucik-old.odyzeoclients.com\/en\/#website","url":"https:\/\/zlatyklucik-old.odyzeoclients.com\/en\/","name":"Zlat\u00fd K\u013e\u00fa\u010dik","description":"V\u0161etky fam\u00f3zne veci na jednom mieste","potentialAction":[{"@type":"SearchAction","target":{"@type":"EntryPoint","urlTemplate":"https:\/\/zlatyklucik-old.odyzeoclients.com\/en\/?s={search_term_string}"},"query-input":"required name=search_term_string"}],"inLanguage":"en-US"}]}},"_links":{"self":[{"href":"https:\/\/zlatyklucik-old.odyzeoclients.com\/en\/wp-json\/wp\/v2\/pages\/2288"}],"collection":[{"href":"https:\/\/zlatyklucik-old.odyzeoclients.com\/en\/wp-json\/wp\/v2\/pages"}],"about":[{"href":"https:\/\/zlatyklucik-old.odyzeoclients.com\/en\/wp-json\/wp\/v2\/types\/page"}],"author":[{"embeddable":true,"href":"https:\/\/zlatyklucik-old.odyzeoclients.com\/en\/wp-json\/wp\/v2\/users\/7"}],"replies":[{"embeddable":true,"href":"https:\/\/zlatyklucik-old.odyzeoclients.com\/en\/wp-json\/wp\/v2\/comments?post=2288"}],"version-history":[{"count":15,"href":"https:\/\/zlatyklucik-old.odyzeoclients.com\/en\/wp-json\/wp\/v2\/pages\/2288\/revisions"}],"predecessor-version":[{"id":10267,"href":"https:\/\/zlatyklucik-old.odyzeoclients.com\/en\/wp-json\/wp\/v2\/pages\/2288\/revisions\/10267"}],"wp:attachment":[{"href":"https:\/\/zlatyklucik-old.odyzeoclients.com\/en\/wp-json\/wp\/v2\/media?parent=2288"}],"curies":[{"name":"wp","href":"https:\/\/api.w.org\/{rel}","templated":true}]}}