{"id":2360,"date":"2018-07-11T08:21:25","date_gmt":"2018-07-11T06:21:25","guid":{"rendered":"https:\/\/zlatyklucik-old.odyzeoclients.com\/?page_id=2360"},"modified":"2023-02-09T11:10:40","modified_gmt":"2023-02-09T10:10:40","slug":"booking-of-spa-nitra","status":"publish","type":"page","link":"https:\/\/zlatyklucik-old.odyzeoclients.com\/en\/reservation\/booking-of-spa-nitra\/","title":{"rendered":"SPA reservation"},"content":{"rendered":"<div class=\"fusion-fullwidth fullwidth-box fusion-builder-row-1 klucik-reservation  nonhundred-percent-fullwidth non-hundred-percent-height-scrolling\"  style='background-color: rgba(255,255,255,0);background-position: center center;background-repeat: no-repeat;padding-top:0px;padding-right:0px;padding-bottom:0px;padding-left:0px;'><div class=\"fusion-builder-row fusion-row \"><div  class=\"fusion-layout-column fusion_builder_column fusion_builder_column_1_1 fusion-builder-column-0 fusion-one-full fusion-column-first fusion-column-last 1_1\"  style='margin-top:0px;margin-bottom:20px;'><div class=\"fusion-column-wrapper\" style=\"padding: 0px 0px 0px 0px;background-position:left top;background-repeat:no-repeat;-webkit-background-size:cover;-moz-background-size:cover;-o-background-size:cover;background-size:cover;\"   data-bg-url=\"\"><style type=\"text\/css\">@media only screen and (max-width:800px) {.fusion-title.fusion-title-1{margin-top:10px!important;margin-bottom:10px!important;}}<\/style><div class=\"fusion-title title fusion-title-1 fusion-sep-none fusion-title-text fusion-title-size-one\" style=\"margin-top:10px;margin-bottom:15px;\"><h1 class=\"title-heading-left\" style=\"margin:0;\">SPA reservation, massages<\/h1><\/div><div class=\"fusion-text\">\n<div class=\"wpcf7 no-js\" id=\"wpcf7-f2133-o1\" lang=\"sk-SK\" dir=\"ltr\">\n<div class=\"screen-reader-response\"><p role=\"status\" aria-live=\"polite\" aria-atomic=\"true\"><\/p> <ul><\/ul><\/div>\n<form action=\"\/en\/wp-json\/wp\/v2\/pages\/2360#wpcf7-f2133-o1\" method=\"post\" class=\"wpcf7-form init\" aria-label=\"Contact form\" novalidate=\"novalidate\" data-status=\"init\">\n<div style=\"display: none;\">\n<input type=\"hidden\" name=\"_wpcf7\" value=\"2133\" \/>\n<input type=\"hidden\" name=\"_wpcf7_version\" value=\"5.7.7\" \/>\n<input type=\"hidden\" name=\"_wpcf7_locale\" value=\"sk_SK\" \/>\n<input type=\"hidden\" name=\"_wpcf7_unit_tag\" value=\"wpcf7-f2133-o1\" \/>\n<input type=\"hidden\" name=\"_wpcf7_container_post\" value=\"0\" \/>\n<input type=\"hidden\" name=\"_wpcf7_posted_data_hash\" value=\"\" \/>\n<input type=\"hidden\" name=\"_wpcf7_recaptcha_response\" value=\"\" \/>\n<\/div>\n<div class=\"form-section top\" style=\"float: left;width: 100%;\">\n\t<h3 class=\"reservation\">\u00dadaje k rezerv\u00e1cii\n\t<\/h3>\n\t<div class=\"fusion-one-third fusion-layout-column fusion-spacing-yes fancy-input\">\n\t\t<p><span class=\"wpcf7-form-control-wrap\" data-name=\"datum\"><input size=\"40\" class=\"wpcf7-form-control wpcf7-text wpcf7-validates-as-required\" id=\"pickerspa\" aria-required=\"true\" aria-invalid=\"false\" placeholder=\"D\u00e1tum\" value=\"\" type=\"text\" name=\"datum\" \/><\/span>\n\t\t<\/p>\n\t<\/div>\n\t<div class=\"fusion-one-third fusion-layout-column fusion-spacing-yes fancy-input\">\n\t\t<p><span class=\"wpcf7-form-control-wrap\" data-name=\"menu-684\"><select class=\"wpcf7-form-control wpcf7-select wpcf7-validates-as-required\" aria-required=\"true\" aria-invalid=\"false\" name=\"menu-684\"><option value=\"Od\">Od<\/option><option value=\"12:00\">12:00<\/option><option value=\"12:30\">12:30<\/option><option value=\"13:00\">13:00<\/option><option value=\"13:30\">13:30<\/option><option value=\"14:00\">14:00<\/option><option value=\"14:30\">14:30<\/option><option value=\"15:00\">15:00<\/option><option value=\"15:30\">15:30<\/option><option value=\"16:00\">16:00<\/option><option value=\"16:30\">16:30<\/option><option value=\"17:00\">17:00<\/option><option value=\"17:30\">17:30<\/option><option value=\"18:00\">18:00<\/option><option value=\"18:30\">18:30<\/option><option value=\"19:00\">19:00<\/option><option value=\"19:30\">19:30<\/option><option value=\"20:00\">20:00<\/option><option value=\"20:30\">20:30<\/option><\/select><\/span>\n\t\t<\/p>\n\t<\/div>\n\t<div class=\"fusion-one-third fusion-layout-column fusion-column-last fusion-spacing-yes fancy-input\">\n\t\t<p><span class=\"wpcf7-form-control-wrap\" data-name=\"menu-685\"><select class=\"wpcf7-form-control wpcf7-select wpcf7-validates-as-required\" aria-required=\"true\" aria-invalid=\"false\" name=\"menu-685\"><option value=\"Do\">Do<\/option><option value=\"12:30\">12:30<\/option><option value=\"13:00\">13:00<\/option><option value=\"13:30\">13:30<\/option><option value=\"14:00\">14:00<\/option><option value=\"14:30\">14:30<\/option><option value=\"15:00\">15:00<\/option><option value=\"15:30\">15:30<\/option><option value=\"16:00\">16:00<\/option><option value=\"16:30\">16:30<\/option><option value=\"17:00\">17:00<\/option><option value=\"17:30\">17:30<\/option><option value=\"18:00\">18:00<\/option><option value=\"18:30\">18:30<\/option><option value=\"19:00\">19:00<\/option><option value=\"19:30\">19:30<\/option><option value=\"20:00\">20:00<\/option><option value=\"20:30\">20:30<\/option><option value=\"21:00\">21:00<\/option><\/select><\/span>\n\t\t<\/p>\n\t<\/div>\n\t<div class=\"form-new-row\" style=\"float: left;width: 100%;\">\n\t\t<div class=\"fusion-one-third fusion-layout-column fusion-column-last fusion-spacing-yes fancy-input\">\n\t\t\t<p><span class=\"wpcf7-form-control-wrap\" data-name=\"number-1\"><input class=\"wpcf7-form-control wpcf7-number wpcf7-validates-as-required wpcf7-validates-as-number\" aria-required=\"true\" aria-invalid=\"false\" placeholder=\"Po\u010det os\u00f4b:\" value=\"\" type=\"number\" name=\"number-1\" \/><\/span>\n\t\t\t<\/p>\n\t\t<\/div>\n\t<\/div>\n\t<div class=\"form-new-row\" style=\"float: left;width: 100%;\">\n\t\t<div class=\"fusion-one-third fusion-layout-column fusion-column-last fusion-spacing-yes fancy-textarea\">\n\t\t\t<p><span class=\"wpcf7-form-control-wrap\" data-name=\"your-message\"><textarea cols=\"40\" rows=\"10\" class=\"wpcf7-form-control wpcf7-textarea wpcf7-validates-as-required\" aria-required=\"true\" aria-invalid=\"false\" placeholder=\"Va\u0161e po\u017eiadavky:\" name=\"your-message\"><\/textarea><\/span>\n\t\t\t<\/p>\n\t\t<\/div>\n\t<\/div>\n<\/div>\n<div class=\"form-section\" style=\"float: left;width: 100%;\">\n\t<h3 class=\"reservation\" style=\"float: left;width: 100%;\">Kontaktn\u00e9 \u00fadaje\n\t<\/h3>\n\t<div class=\"fusion-one-third fusion-layout-column fusion-spacing-yes fancy-input\">\n\t\t<p><span class=\"wpcf7-form-control-wrap\" data-name=\"your-name\"><input size=\"40\" class=\"wpcf7-form-control wpcf7-text wpcf7-validates-as-required\" aria-required=\"true\" aria-invalid=\"false\" placeholder=\"Meno a priezvisko kontaktnej osoby:\" value=\"\" type=\"text\" name=\"your-name\" \/><\/span>\n\t\t<\/p>\n\t<\/div>\n\t<div class=\"fusion-one-third fusion-layout-column fusion-spacing-yes fancy-input\">\n\t\t<p><span class=\"wpcf7-form-control-wrap\" data-name=\"email\"><input size=\"40\" class=\"wpcf7-form-control wpcf7-text wpcf7-email wpcf7-validates-as-required wpcf7-validates-as-email\" aria-required=\"true\" aria-invalid=\"false\" placeholder=\"Email:\" value=\"\" type=\"email\" name=\"email\" \/><\/span>\n\t\t<\/p>\n\t<\/div>\n\t<div class=\"fusion-one-third fusion-layout-column fusion-column-last fusion-spacing-yes fancy-input\">\n\t\t<p><span class=\"wpcf7-form-control-wrap\" data-name=\"phone\"><input size=\"40\" class=\"wpcf7-form-control wpcf7-text wpcf7-validates-as-required\" aria-required=\"true\" aria-invalid=\"false\" placeholder=\"Telef\u00f3n:\" value=\"\" type=\"text\" name=\"phone\" \/><\/span>\n\t\t<\/p>\n\t<\/div>\n<\/div>\n<div class=\"form-section\" style=\"float: left;width: 100%;\">\n\t<p>[anr_nocaptcha g-recaptcha-response]\n\t<\/p>\n\t<p><input class=\"wpcf7-form-control has-spinner wpcf7-submit\" type=\"submit\" value=\"Odosla\u0165\" \/>\n\t<\/p>\n<\/div><input type='hidden' class='wpcf7-pum' value='{\"closepopup\":false,\"closedelay\":0,\"openpopup\":false,\"openpopup_id\":0}' \/><div class=\"fusion-alert alert custom alert-custom fusion-alert-center wpcf7-response-output alert-dismissable\" style=\"border-width:1px;\"><button type=\"button\" class=\"close toggle-alert\" data-dismiss=\"alert\" aria-hidden=\"true\">&times;<\/button><div class=\"fusion-alert-content-wrapper\"><span class=\"fusion-alert-content\"><\/span><\/div><\/div>\n<\/form>\n<\/div>\n\n<\/div><div class=\"fusion-clearfix\"><\/div><\/div><\/div><\/div><\/div>\n","protected":false},"excerpt":{"rendered":"","protected":false},"author":7,"featured_media":0,"parent":2288,"menu_order":10,"comment_status":"closed","ping_status":"closed","template":"","meta":{"pgc_meta":"","footnotes":""},"class_list":["post-2360","page","type-page","status-publish","hentry"],"pgc_meta":"","yoast_head":"<!-- This site is optimized with the Yoast SEO plugin v22.8 - https:\/\/yoast.com\/wordpress\/plugins\/seo\/ -->\n<title>SPA reservation | Zlat\u00fd K\u013e\u00fa\u010dik<\/title>\n<meta name=\"robots\" content=\"index, follow, max-snippet:-1, max-image-preview:large, max-video-preview:-1\" \/>\n<link rel=\"canonical\" href=\"https:\/\/zlatyklucik-old.odyzeoclients.com\/en\/reservation\/booking-of-spa-nitra\/\" \/>\n<meta property=\"og:locale\" content=\"en_US\" \/>\n<meta property=\"og:type\" content=\"article\" \/>\n<meta property=\"og:title\" content=\"SPA reservation | Zlat\u00fd K\u013e\u00fa\u010dik\" \/>\n<meta property=\"og:url\" content=\"https:\/\/zlatyklucik-old.odyzeoclients.com\/en\/reservation\/booking-of-spa-nitra\/\" \/>\n<meta property=\"og:site_name\" content=\"Zlat\u00fd K\u013e\u00fa\u010dik\" \/>\n<meta property=\"article:modified_time\" content=\"2023-02-09T10:10:40+00:00\" \/>\n<meta name=\"twitter:card\" content=\"summary_large_image\" \/>\n<meta name=\"twitter:label1\" content=\"Est. reading time\" \/>\n\t<meta name=\"twitter:data1\" content=\"2 minutes\" \/>\n<script type=\"application\/ld+json\" class=\"yoast-schema-graph\">{\"@context\":\"https:\/\/schema.org\",\"@graph\":[{\"@type\":\"WebPage\",\"@id\":\"https:\/\/zlatyklucik-old.odyzeoclients.com\/en\/reservation\/booking-of-spa-nitra\/\",\"url\":\"https:\/\/zlatyklucik-old.odyzeoclients.com\/en\/reservation\/booking-of-spa-nitra\/\",\"name\":\"SPA reservation | Zlat\u00fd K\u013e\u00fa\u010dik\",\"isPartOf\":{\"@id\":\"https:\/\/zlatyklucik-old.odyzeoclients.com\/en\/#website\"},\"datePublished\":\"2018-07-11T06:21:25+00:00\",\"dateModified\":\"2023-02-09T10:10:40+00:00\",\"breadcrumb\":{\"@id\":\"https:\/\/zlatyklucik-old.odyzeoclients.com\/en\/reservation\/booking-of-spa-nitra\/#breadcrumb\"},\"inLanguage\":\"en-US\",\"potentialAction\":[{\"@type\":\"ReadAction\",\"target\":[\"https:\/\/zlatyklucik-old.odyzeoclients.com\/en\/reservation\/booking-of-spa-nitra\/\"]}]},{\"@type\":\"BreadcrumbList\",\"@id\":\"https:\/\/zlatyklucik-old.odyzeoclients.com\/en\/reservation\/booking-of-spa-nitra\/#breadcrumb\",\"itemListElement\":[{\"@type\":\"ListItem\",\"position\":1,\"name\":\"Home\",\"item\":\"https:\/\/zlatyklucik-old.odyzeoclients.com\/en\/\"},{\"@type\":\"ListItem\",\"position\":2,\"name\":\"Booking\",\"item\":\"https:\/\/zlatyklucik-old.odyzeoclients.com\/en\/rezervacia\/\"},{\"@type\":\"ListItem\",\"position\":3,\"name\":\"SPA reservation\"}]},{\"@type\":\"WebSite\",\"@id\":\"https:\/\/zlatyklucik-old.odyzeoclients.com\/en\/#website\",\"url\":\"https:\/\/zlatyklucik-old.odyzeoclients.com\/en\/\",\"name\":\"Zlat\u00fd K\u013e\u00fa\u010dik\",\"description\":\"V\u0161etky fam\u00f3zne veci na jednom mieste\",\"potentialAction\":[{\"@type\":\"SearchAction\",\"target\":{\"@type\":\"EntryPoint\",\"urlTemplate\":\"https:\/\/zlatyklucik-old.odyzeoclients.com\/en\/?s={search_term_string}\"},\"query-input\":\"required name=search_term_string\"}],\"inLanguage\":\"en-US\"}]}<\/script>\n<!-- \/ Yoast SEO plugin. -->","yoast_head_json":{"title":"SPA reservation | Zlat\u00fd K\u013e\u00fa\u010dik","robots":{"index":"index","follow":"follow","max-snippet":"max-snippet:-1","max-image-preview":"max-image-preview:large","max-video-preview":"max-video-preview:-1"},"canonical":"https:\/\/zlatyklucik-old.odyzeoclients.com\/en\/reservation\/booking-of-spa-nitra\/","og_locale":"en_US","og_type":"article","og_title":"SPA reservation | Zlat\u00fd K\u013e\u00fa\u010dik","og_url":"https:\/\/zlatyklucik-old.odyzeoclients.com\/en\/reservation\/booking-of-spa-nitra\/","og_site_name":"Zlat\u00fd K\u013e\u00fa\u010dik","article_modified_time":"2023-02-09T10:10:40+00:00","twitter_card":"summary_large_image","twitter_misc":{"Est. reading time":"2 minutes"},"schema":{"@context":"https:\/\/schema.org","@graph":[{"@type":"WebPage","@id":"https:\/\/zlatyklucik-old.odyzeoclients.com\/en\/reservation\/booking-of-spa-nitra\/","url":"https:\/\/zlatyklucik-old.odyzeoclients.com\/en\/reservation\/booking-of-spa-nitra\/","name":"SPA reservation | Zlat\u00fd K\u013e\u00fa\u010dik","isPartOf":{"@id":"https:\/\/zlatyklucik-old.odyzeoclients.com\/en\/#website"},"datePublished":"2018-07-11T06:21:25+00:00","dateModified":"2023-02-09T10:10:40+00:00","breadcrumb":{"@id":"https:\/\/zlatyklucik-old.odyzeoclients.com\/en\/reservation\/booking-of-spa-nitra\/#breadcrumb"},"inLanguage":"en-US","potentialAction":[{"@type":"ReadAction","target":["https:\/\/zlatyklucik-old.odyzeoclients.com\/en\/reservation\/booking-of-spa-nitra\/"]}]},{"@type":"BreadcrumbList","@id":"https:\/\/zlatyklucik-old.odyzeoclients.com\/en\/reservation\/booking-of-spa-nitra\/#breadcrumb","itemListElement":[{"@type":"ListItem","position":1,"name":"Home","item":"https:\/\/zlatyklucik-old.odyzeoclients.com\/en\/"},{"@type":"ListItem","position":2,"name":"Booking","item":"https:\/\/zlatyklucik-old.odyzeoclients.com\/en\/rezervacia\/"},{"@type":"ListItem","position":3,"name":"SPA reservation"}]},{"@type":"WebSite","@id":"https:\/\/zlatyklucik-old.odyzeoclients.com\/en\/#website","url":"https:\/\/zlatyklucik-old.odyzeoclients.com\/en\/","name":"Zlat\u00fd K\u013e\u00fa\u010dik","description":"V\u0161etky fam\u00f3zne veci na jednom mieste","potentialAction":[{"@type":"SearchAction","target":{"@type":"EntryPoint","urlTemplate":"https:\/\/zlatyklucik-old.odyzeoclients.com\/en\/?s={search_term_string}"},"query-input":"required name=search_term_string"}],"inLanguage":"en-US"}]}},"_links":{"self":[{"href":"https:\/\/zlatyklucik-old.odyzeoclients.com\/en\/wp-json\/wp\/v2\/pages\/2360"}],"collection":[{"href":"https:\/\/zlatyklucik-old.odyzeoclients.com\/en\/wp-json\/wp\/v2\/pages"}],"about":[{"href":"https:\/\/zlatyklucik-old.odyzeoclients.com\/en\/wp-json\/wp\/v2\/types\/page"}],"author":[{"embeddable":true,"href":"https:\/\/zlatyklucik-old.odyzeoclients.com\/en\/wp-json\/wp\/v2\/users\/7"}],"replies":[{"embeddable":true,"href":"https:\/\/zlatyklucik-old.odyzeoclients.com\/en\/wp-json\/wp\/v2\/comments?post=2360"}],"version-history":[{"count":10,"href":"https:\/\/zlatyklucik-old.odyzeoclients.com\/en\/wp-json\/wp\/v2\/pages\/2360\/revisions"}],"predecessor-version":[{"id":10256,"href":"https:\/\/zlatyklucik-old.odyzeoclients.com\/en\/wp-json\/wp\/v2\/pages\/2360\/revisions\/10256"}],"up":[{"embeddable":true,"href":"https:\/\/zlatyklucik-old.odyzeoclients.com\/en\/wp-json\/wp\/v2\/pages\/2288"}],"wp:attachment":[{"href":"https:\/\/zlatyklucik-old.odyzeoclients.com\/en\/wp-json\/wp\/v2\/media?parent=2360"}],"curies":[{"name":"wp","href":"https:\/\/api.w.org\/{rel}","templated":true}]}}