{"id":6898,"date":"2020-06-09T14:44:28","date_gmt":"2020-06-09T12:44:28","guid":{"rendered":"https:\/\/zlatyklucik-old.odyzeoclients.com\/?page_id=6898"},"modified":"2024-03-04T09:49:07","modified_gmt":"2024-03-04T08:49:07","slug":"frenchie-terrasse","status":"publish","type":"page","link":"https:\/\/zlatyklucik-old.odyzeoclients.com\/en\/frenchie-terrasse\/","title":{"rendered":"Frenchie Terrasse"},"content":{"rendered":"<p><div class=\"fusion-fullwidth fullwidth-box fusion-builder-row-1 klucik-izba-block single-button table-buttons home-section ubytovanie nonhundred-percent-fullwidth non-hundred-percent-height-scrolling fusion-equal-height-columns\"  style='background-color: rgba(255,255,255,0);background-position: left top;background-repeat: no-repeat;padding-top:0px;padding-right:0px;padding-bottom:0px;padding-left:0px;margin-bottom: 90px;border-top-width:0px;border-bottom-width:0px;border-color:#e2e2e2;border-top-style:solid;border-bottom-style:solid;'><div class=\"fusion-builder-row fusion-row \"><div  class=\"fusion-layout-column fusion_builder_column fusion_builder_column_1_1 fusion-builder-column-0 fusion-one-full fusion-column-first fusion-column-last room-title-slider fusion-column-no-min-height 1_1\"  style='margin-top:0px;margin-bottom:0px;'><div class=\"fusion-column-wrapper\" style=\"background-color:rgba(255,255,255,0);padding: 0px 0px 0px 0px;background-position:left top;background-repeat:no-repeat;-webkit-background-size:cover;-moz-background-size:cover;-o-background-size:cover;background-size:cover;\"   data-bg-url=\"\"><div class=\"fusion-column-content-centered\"><div class=\"fusion-column-content\"><style type=\"text\/css\">@media only screen and (max-width:800px) {.fusion-title.fusion-title-1{margin-top:10px!important;margin-bottom:10px!important;}}<\/style><div class=\"fusion-title title fusion-title-1 fusion-sep-none fusion-title-center fusion-title-text fusion-title-size-one room-heading\" style=\"font-size:45px;margin-top:10px;margin-bottom:15px;\"><h1 class=\"title-heading-center\" style=\"margin:0;font-size:1em;color:#333333;\">Frenchie Terrasse<\/h1><\/div><div class=\"fusion-slider-sc fusion-flexslider-loading flexslider flexslider-hover-type-none home-slider room-slider\" data-slideshow_autoplay=\"1\" data-slideshow_smooth_height=\"0\" data-slideshow_speed=\"7000\" style=\"max-width:100%;height:100%;\"><ul class=\"slides\"><li class=\"image\"><span class=\"fusion-image-hover-element hover-type-none\"><img loading=\"lazy\" decoding=\"async\" src=\"https:\/\/zlatyklucik-old.odyzeoclients.com\/wp-content\/uploads\/IMG_5020-scaled.jpg\" width=\"2560\" height=\"1707\" class=\"wp-image-6648\" srcset=\"https:\/\/zlatyklucik-old.odyzeoclients.com\/wp-content\/uploads\/IMG_5020-200x133.jpg 200w, https:\/\/zlatyklucik-old.odyzeoclients.com\/wp-content\/uploads\/IMG_5020-400x267.jpg 400w, https:\/\/zlatyklucik-old.odyzeoclients.com\/wp-content\/uploads\/IMG_5020-600x400.jpg 600w, https:\/\/zlatyklucik-old.odyzeoclients.com\/wp-content\/uploads\/IMG_5020-800x533.jpg 800w, https:\/\/zlatyklucik-old.odyzeoclients.com\/wp-content\/uploads\/IMG_5020-1200x800.jpg 1200w, https:\/\/zlatyklucik-old.odyzeoclients.com\/wp-content\/uploads\/IMG_5020-scaled.jpg 2560w\" sizes=\"(max-width: 800px) 100vw, 2560px\" \/><\/span><\/li><li class=\"image\"><span class=\"fusion-image-hover-element hover-type-none\"><img loading=\"lazy\" decoding=\"async\" src=\"https:\/\/zlatyklucik-old.odyzeoclients.com\/wp-content\/uploads\/\/ranajky2-300x200.jpg\" width=\"300\" height=\"200\" class=\"wp-image-6419\" srcset=\"https:\/\/zlatyklucik-old.odyzeoclients.com\/wp-content\/uploads\/ranajky2-200x133.jpg 200w, https:\/\/zlatyklucik-old.odyzeoclients.com\/wp-content\/uploads\/ranajky2-400x267.jpg 400w, https:\/\/zlatyklucik-old.odyzeoclients.com\/wp-content\/uploads\/ranajky2-600x400.jpg 600w, https:\/\/zlatyklucik-old.odyzeoclients.com\/wp-content\/uploads\/ranajky2-800x533.jpg 800w, https:\/\/zlatyklucik-old.odyzeoclients.com\/wp-content\/uploads\/ranajky2-1200x800.jpg 1200w, https:\/\/zlatyklucik-old.odyzeoclients.com\/wp-content\/uploads\/ranajky2.jpg 1575w\" sizes=\"(max-width: 800px) 100vw, 300px\" \/><\/span><\/li><li class=\"image\"><span class=\"fusion-image-hover-element hover-type-none\"><img loading=\"lazy\" decoding=\"async\" src=\"https:\/\/zlatyklucik-old.odyzeoclients.com\/wp-content\/uploads\/IMG_5013-scaled.jpg\" width=\"2560\" height=\"1707\" class=\"wp-image-6649\" srcset=\"https:\/\/zlatyklucik-old.odyzeoclients.com\/wp-content\/uploads\/IMG_5013-200x133.jpg 200w, https:\/\/zlatyklucik-old.odyzeoclients.com\/wp-content\/uploads\/IMG_5013-400x267.jpg 400w, https:\/\/zlatyklucik-old.odyzeoclients.com\/wp-content\/uploads\/IMG_5013-600x400.jpg 600w, https:\/\/zlatyklucik-old.odyzeoclients.com\/wp-content\/uploads\/IMG_5013-800x534.jpg 800w, https:\/\/zlatyklucik-old.odyzeoclients.com\/wp-content\/uploads\/IMG_5013-1200x800.jpg 1200w, https:\/\/zlatyklucik-old.odyzeoclients.com\/wp-content\/uploads\/IMG_5013-scaled.jpg 2560w\" sizes=\"(max-width: 800px) 100vw, 2560px\" \/><\/span><\/li><\/ul><\/div><\/div><\/div><div class=\"fusion-clearfix\"><\/div><\/div><\/div><div  class=\"fusion-layout-column fusion_builder_column fusion_builder_column_2_3 fusion-builder-column-1 fusion-two-third fusion-column-first klucik-container fusion-column-no-min-height 2_3\"  style='margin-top:0px;margin-bottom:0px;'><div class=\"fusion-column-wrapper\" style=\"background-color:rgba(255,239,239,0);padding: 10px 20px 25px 38px;background-position:right bottom;background-repeat:no-repeat;-webkit-background-size:cover;-moz-background-size:cover;-o-background-size:cover;background-size:cover;\"   data-bg-url=\"\"><div class=\"fusion-text klucik-text\"><div class=\"fusion-text klucik-text\">\n<h3>French country-style breakfast<\/h3>\n<p>Let yourself be carried away by the aroma of freshly brewed coffee, homemade pastries or sweet treats like from a real French bakery. Through a fresh fusion of the flavours of two worlds, we want to bring you an experience from early in the morning. A traditional breakfast with a touch of Provence is served not only for hotel guests, but also for the general public in the form of a French country buffet in the Frenchie Terrasse restaurant. During breakfast, you can enjoy a wide selection of fresh pastries, baguettes, crusty breads baked in-house, fluffy croissants, as well as typical French cakes. On the breakfast counter you will also find a variation of different homemade jams, pancakes or granola, which can be supplemented with many ingredients. The buffet also includes a selection of farmhouse cheeses, hams, salami from local suppliers and, of course, eggs prepared in a variety of ways. You can replenish your morning energy with fresh juices and homemade lemonades.<\/p>\n<p>Monday &#8211; Friday 6:30 &#8211; 9:30<\/p>\n<p>Saturday &#8211; Sunday &#8211; Holidays 7:30 &#8211; 10:30<\/p>\n<\/div>\n<\/div><div class=\"fusion-sep-clear\"><\/div><div class=\"fusion-separator fusion-full-width-sep sep-none\" style=\"margin-left: auto;margin-right: auto;margin-top:12px;\"><\/div><div class=\"fusion-clearfix\"><\/div><\/div><\/div><div  class=\"fusion-layout-column fusion_builder_column fusion_builder_column_1_3 fusion-builder-column-2 fusion-one-third fusion-column-last room-book-block fusion-column-no-min-height 1_3\"  style='margin-top:0px;margin-bottom:20px;width:30.6666%'><div class=\"fusion-column-wrapper\" style=\"background-color:#f2eee8;padding: 0px 0px 0px 0px;background-position:left top;background-repeat:no-repeat;-webkit-background-size:cover;-moz-background-size:cover;-o-background-size:cover;background-size:cover;\"   data-bg-url=\"\"><style type=\"text\/css\">@media only screen and (max-width:800px) {.fusion-title.fusion-title-2{margin-top:10px!important;margin-bottom:10px!important;}}<\/style><div class=\"fusion-title title fusion-title-2 fusion-sep-none fusion-title-text fusion-title-size-four\" style=\"font-size:30px;margin-top:10px;margin-bottom:15px;\"><h4 class=\"title-heading-left\" style=\"font-family:&quot;Roboto Slab&quot;;font-weight:700;margin:0;font-size:1em;\">Booking<\/h4><\/div><style type=\"text\/css\">@media only screen and (max-width:800px) {.fusion-title.fusion-title-3{margin-top:10px!important;margin-bottom:10px!important;}}<\/style><div class=\"fusion-title title fusion-title-3 fusion-sep-none fusion-title-text fusion-title-size-five room-type\" style=\"font-size:16px;margin-top:10px;margin-bottom:15px;\"><h5 class=\"title-heading-left\" style=\"font-family:&quot;Roboto Slab&quot;;font-weight:400;margin:0;font-size:1em;line-height:28px;\">Frenchie Terrasse<\/h5><\/div><div class=\"fusion-sep-clear\"><\/div><div class=\"fusion-separator fusion-full-width-sep sep-double\" style=\"border-color:#e2e2e2;border-top-width:0px;border-bottom-width:0px;margin-left: auto;margin-right: auto;margin-top:20px;\"><\/div><div class=\"fusion-builder-row fusion-builder-row-inner fusion-row \"><div  class=\"fusion-layout-column fusion_builder_column fusion_builder_column_1_2 fusion-builder-nested-column-1 fusion-one-half fusion-column-first room-book-price 1_2\"  style='margin-top: 0px;margin-bottom: 20px;width:50%;width:calc(50% - ( ( 4% ) * 0.5 ) );margin-right:4%;'>\n\t\t\t\t\t<div class=\"fusion-column-wrapper fusion-column-wrapper-1\" style=\"padding: 0px 0px 0px 0px;background-position:left top;background-repeat:no-repeat;-webkit-background-size:cover;-moz-background-size:cover;-o-background-size:cover;background-size:cover;\" data-bg-url=\"\">\n\t\t\t\t\t\t<div class=\"fusion-text\"><p><strong>19 \u20ac\/person<\/strong>.<\/p>\n<\/div>\n\n\t\t\t\t\t<\/div>\n\t\t\t\t<\/div><div  class=\"fusion-layout-column fusion_builder_column fusion_builder_column_1_2 fusion-builder-nested-column-2 fusion-one-half fusion-column-last room-book-button 1_2\"  style='margin-top: 0px;margin-bottom: 20px;width:50%;width:calc(50% - ( ( 4% ) * 0.5 ) );'>\n\t\t\t\t\t<div class=\"fusion-column-wrapper fusion-column-wrapper-2\" style=\"padding: 0px 0px 0px 0px;background-position:left top;background-repeat:no-repeat;-webkit-background-size:cover;-moz-background-size:cover;-o-background-size:cover;background-size:cover;\" data-bg-url=\"\">\n\t\t\t\t\t\t<div class=\"fusion-button-wrapper\"><style type=\"text\/css\">.fusion-button.button-1 {border-radius:0px;}<\/style><a class=\"fusion-button button-flat fusion-button-default-size button-default button-1 fusion-button-default-span fusion-button-default-type\" target=\"_self\" href=\"https:\/\/zlatyklucik-old.odyzeoclients.com\/en\/reservation\/booking-of-restaurant-nitra\/\"><span class=\"fusion-button-text\">Book now<\/span><\/a><\/div>\n\n\t\t\t\t\t<\/div>\n\t\t\t\t<\/div><\/div><div class=\"fusion-clearfix\"><\/div><\/div><\/div><\/div><\/div><style type=\"text\/css\">.fusion-fullwidth.fusion-builder-row-1 a:not(.fusion-button):not(.fusion-builder-module-control):not(.fusion-social-network-icon):not(.fb-icon-element):not(.fusion-countdown-link):not(.fusion-rollover-link):not(.fusion-rollover-gallery):not(.fusion-button-bar):not(.add_to_cart_button):not(.show_details_button):not(.product_type_external):not(.fusion-quick-view):not(.fusion-rollover-title-link):not(.fusion-breadcrumb-link) , .fusion-fullwidth.fusion-builder-row-1 a:not(.fusion-button):not(.fusion-builder-module-control):not(.fusion-social-network-icon):not(.fb-icon-element):not(.fusion-countdown-link):not(.fusion-rollover-link):not(.fusion-rollover-gallery):not(.fusion-button-bar):not(.add_to_cart_button):not(.show_details_button):not(.product_type_external):not(.fusion-quick-view):not(.fusion-rollover-title-link):not(.fusion-breadcrumb-link):before, .fusion-fullwidth.fusion-builder-row-1 a:not(.fusion-button):not(.fusion-builder-module-control):not(.fusion-social-network-icon):not(.fb-icon-element):not(.fusion-countdown-link):not(.fusion-rollover-link):not(.fusion-rollover-gallery):not(.fusion-button-bar):not(.add_to_cart_button):not(.show_details_button):not(.product_type_external):not(.fusion-quick-view):not(.fusion-rollover-title-link):not(.fusion-breadcrumb-link):after {color: #212934;}.fusion-fullwidth.fusion-builder-row-1 a:not(.fusion-button):not(.fusion-builder-module-control):not(.fusion-social-network-icon):not(.fb-icon-element):not(.fusion-countdown-link):not(.fusion-rollover-link):not(.fusion-rollover-gallery):not(.fusion-button-bar):not(.add_to_cart_button):not(.show_details_button):not(.product_type_external):not(.fusion-quick-view):not(.fusion-rollover-title-link):not(.fusion-breadcrumb-link):hover, .fusion-fullwidth.fusion-builder-row-1 a:not(.fusion-button):not(.fusion-builder-module-control):not(.fusion-social-network-icon):not(.fb-icon-element):not(.fusion-countdown-link):not(.fusion-rollover-link):not(.fusion-rollover-gallery):not(.fusion-button-bar):not(.add_to_cart_button):not(.show_details_button):not(.product_type_external):not(.fusion-quick-view):not(.fusion-rollover-title-link):not(.fusion-breadcrumb-link):hover:before, .fusion-fullwidth.fusion-builder-row-1 a:not(.fusion-button):not(.fusion-builder-module-control):not(.fusion-social-network-icon):not(.fb-icon-element):not(.fusion-countdown-link):not(.fusion-rollover-link):not(.fusion-rollover-gallery):not(.fusion-button-bar):not(.add_to_cart_button):not(.show_details_button):not(.product_type_external):not(.fusion-quick-view):not(.fusion-rollover-title-link):not(.fusion-breadcrumb-link):hover:after {color: #65bc7b;}.fusion-fullwidth.fusion-builder-row-1 .pagination a.inactive:hover, .fusion-fullwidth.fusion-builder-row-1 .fusion-filters .fusion-filter.fusion-active a {border-color: #65bc7b;}.fusion-fullwidth.fusion-builder-row-1 .pagination .current {border-color: #65bc7b; background-color: #65bc7b;}.fusion-fullwidth.fusion-builder-row-1 .fusion-filters .fusion-filter.fusion-active a, .fusion-fullwidth.fusion-builder-row-1 .fusion-date-and-formats .fusion-format-box, .fusion-fullwidth.fusion-builder-row-1 .fusion-popover, .fusion-fullwidth.fusion-builder-row-1 .tooltip-shortcode {color: #65bc7b;}#main .fusion-fullwidth.fusion-builder-row-1 .post .blog-shortcode-post-title a:hover {color: #65bc7b;}<\/style><div class=\"fusion-fullwidth fullwidth-box fusion-builder-row-2 testimonials nonhundred-percent-fullwidth non-hundred-percent-height-scrolling\"  style='background-color: rgba(242,238,232,0);background-position: left center;background-repeat: no-repeat;padding-right:0px;padding-left:0px;'><div class=\"fusion-builder-row fusion-row \"><div  class=\"fusion-layout-column fusion_builder_column fusion_builder_column_1_1 fusion-builder-column-3 fusion-one-full fusion-column-first fusion-column-last fusion-column-no-min-height 1_1\"  style='margin-top:0px;margin-bottom:0px;'><div class=\"fusion-column-wrapper\" style=\"background-color:#f2eee8;padding: 30px 0px 30px 0px;background-position:left top;background-repeat:no-repeat;-webkit-background-size:cover;-moz-background-size:cover;-o-background-size:cover;background-size:cover;\"   data-bg-url=\"\"><style type=\"text\/css\">@media only screen and (max-width:800px) {.fusion-title.fusion-title-4{margin-top:10px!important;margin-bottom:10px!important;}}<\/style><div class=\"fusion-title title fusion-title-4 fusion-sep-none fusion-title-center fusion-title-text fusion-title-size-three\" style=\"margin-top:10px;margin-bottom:15px;\"><h3 class=\"title-heading-center\" style=\"margin:0;\">Povedali o n\u00e1s<\/h3><\/div><div class=\"fusion-testimonials clean fusion-testimonials-1\" data-random=\"0\" data-speed=\"4000\"><style type=\"text\/css\">#fusion-testimonials-1 a{border-color:#000000;}#fusion-testimonials-1 a:hover, #fusion-testimonials-1 .activeSlide{background-color: #000000;}.fusion-testimonials.clean.fusion-testimonials-1 .author:after{border-top-color:rgba(178,178,178,0) !important;}<\/style><div class=\"reviews\"><div class=\"review no-avatar\"><blockquote style=\"margin: -25px;\"><q style=\"background-color:rgba(178,178,178,0);color:#000000;\" class=\"fusion-clearfix\">\n<p>V\u017edy ke\u010f m\u00e1m mo\u017enos\u0165 tak sa zastav\u00edm v tomto hoteli. Perfektn\u00e1 lokalita, skvel\u00fd v\u00fdh\u013ead na mesto ktor\u00fd sa asi nikdy neopozer\u00e1- r\u00e1no, ve\u010der, v noci. \u0160pi\u010dkov\u00e1 kuchy\u0148a, perfektn\u00e9 posedenie na terase,obsluha v\u00fdnimo\u010dn\u00e1?parking ok<\/p>\n<\/q><\/blockquote><div class=\"author\" style=\"color:#000000;\"><span class=\"company-name\"><strong>Jozef Salaj<\/strong>, <span>Bratislava, Slovensko<\/span><\/span><\/div><\/div><div class=\"review no-avatar\"><blockquote style=\"margin: -25px;\"><q style=\"background-color:rgba(178,178,178,0);color:#000000;\" class=\"fusion-clearfix\">\n<p>Zariadenie hotela je \u00fa\u017easn\u00e9, presne m\u00f4j ob\u013e\u00faben\u00fd \u0161t\u00fdl. Stravovanie na svadobnej hostine a ra\u0148ajky boli ve\u013emi dobre pripraven\u00e9, person\u00e1l profesion\u00e1lny a v\u00fdh\u013ead na mesto k tomu je super z\u00e1\u017eitok.<\/p>\n<\/q><\/blockquote><div class=\"author\" style=\"color:#000000;\"><span class=\"company-name\"><strong>M\u00e1ria<\/strong>, <span>Slovensko<\/span><\/span><\/div><\/div><div class=\"review no-avatar\"><blockquote style=\"margin: -25px;\"><q style=\"background-color:rgba(178,178,178,0);color:#000000;\" class=\"fusion-clearfix\">\n<p>V\u00fdborne ubytovanie; rann\u00e1 kavicka tak ako sa patr\u00ed ; \u017eiadna obvykl\u00e1 hotelov\u00e1\u2026. pr\u00eddeme radi aj nabud\u00face<\/p>\n<\/q><\/blockquote><div class=\"author\" style=\"color:#000000;\"><span class=\"company-name\"><strong>Martin<\/strong>, <span>Slovensko<\/span><\/span><\/div><\/div><\/div><\/div><div class=\"fusion-clearfix\"><\/div><\/div><\/div><\/div><\/div><style type=\"text\/css\">.fusion-fullwidth.fusion-builder-row-2 a:not(.fusion-button):not(.fusion-builder-module-control):not(.fusion-social-network-icon):not(.fb-icon-element):not(.fusion-countdown-link):not(.fusion-rollover-link):not(.fusion-rollover-gallery):not(.fusion-button-bar):not(.add_to_cart_button):not(.show_details_button):not(.product_type_external):not(.fusion-quick-view):not(.fusion-rollover-title-link):not(.fusion-breadcrumb-link) , .fusion-fullwidth.fusion-builder-row-2 a:not(.fusion-button):not(.fusion-builder-module-control):not(.fusion-social-network-icon):not(.fb-icon-element):not(.fusion-countdown-link):not(.fusion-rollover-link):not(.fusion-rollover-gallery):not(.fusion-button-bar):not(.add_to_cart_button):not(.show_details_button):not(.product_type_external):not(.fusion-quick-view):not(.fusion-rollover-title-link):not(.fusion-breadcrumb-link):before, .fusion-fullwidth.fusion-builder-row-2 a:not(.fusion-button):not(.fusion-builder-module-control):not(.fusion-social-network-icon):not(.fb-icon-element):not(.fusion-countdown-link):not(.fusion-rollover-link):not(.fusion-rollover-gallery):not(.fusion-button-bar):not(.add_to_cart_button):not(.show_details_button):not(.product_type_external):not(.fusion-quick-view):not(.fusion-rollover-title-link):not(.fusion-breadcrumb-link):after {color: #212934;}.fusion-fullwidth.fusion-builder-row-2 a:not(.fusion-button):not(.fusion-builder-module-control):not(.fusion-social-network-icon):not(.fb-icon-element):not(.fusion-countdown-link):not(.fusion-rollover-link):not(.fusion-rollover-gallery):not(.fusion-button-bar):not(.add_to_cart_button):not(.show_details_button):not(.product_type_external):not(.fusion-quick-view):not(.fusion-rollover-title-link):not(.fusion-breadcrumb-link):hover, .fusion-fullwidth.fusion-builder-row-2 a:not(.fusion-button):not(.fusion-builder-module-control):not(.fusion-social-network-icon):not(.fb-icon-element):not(.fusion-countdown-link):not(.fusion-rollover-link):not(.fusion-rollover-gallery):not(.fusion-button-bar):not(.add_to_cart_button):not(.show_details_button):not(.product_type_external):not(.fusion-quick-view):not(.fusion-rollover-title-link):not(.fusion-breadcrumb-link):hover:before, .fusion-fullwidth.fusion-builder-row-2 a:not(.fusion-button):not(.fusion-builder-module-control):not(.fusion-social-network-icon):not(.fb-icon-element):not(.fusion-countdown-link):not(.fusion-rollover-link):not(.fusion-rollover-gallery):not(.fusion-button-bar):not(.add_to_cart_button):not(.show_details_button):not(.product_type_external):not(.fusion-quick-view):not(.fusion-rollover-title-link):not(.fusion-breadcrumb-link):hover:after {color: #65bc7b;}.fusion-fullwidth.fusion-builder-row-2 .pagination a.inactive:hover, .fusion-fullwidth.fusion-builder-row-2 .fusion-filters .fusion-filter.fusion-active a {border-color: #65bc7b;}.fusion-fullwidth.fusion-builder-row-2 .pagination .current {border-color: #65bc7b; background-color: #65bc7b;}.fusion-fullwidth.fusion-builder-row-2 .fusion-filters .fusion-filter.fusion-active a, .fusion-fullwidth.fusion-builder-row-2 .fusion-date-and-formats .fusion-format-box, .fusion-fullwidth.fusion-builder-row-2 .fusion-popover, .fusion-fullwidth.fusion-builder-row-2 .tooltip-shortcode {color: #65bc7b;}#main .fusion-fullwidth.fusion-builder-row-2 .post .blog-shortcode-post-title a:hover {color: #65bc7b;}<\/style><\/p>\n","protected":false},"excerpt":{"rendered":"","protected":false},"author":7,"featured_media":0,"parent":0,"menu_order":0,"comment_status":"closed","ping_status":"closed","template":"100-width.php","meta":{"pgc_meta":"","footnotes":""},"class_list":["post-6898","page","type-page","status-publish","hentry"],"pgc_meta":"","yoast_head":"<!-- This site is optimized with the Yoast SEO plugin v22.8 - https:\/\/yoast.com\/wordpress\/plugins\/seo\/ -->\n<title>Frenchie Terrasse | Zlat\u00fd K\u013e\u00fa\u010dik<\/title>\n<meta name=\"robots\" content=\"index, follow, max-snippet:-1, max-image-preview:large, max-video-preview:-1\" \/>\n<link rel=\"canonical\" href=\"https:\/\/zlatyklucik-old.odyzeoclients.com\/en\/frenchie-terrasse\/\" \/>\n<meta property=\"og:locale\" content=\"en_US\" \/>\n<meta property=\"og:type\" content=\"article\" \/>\n<meta property=\"og:title\" content=\"Frenchie Terrasse | Zlat\u00fd K\u013e\u00fa\u010dik\" \/>\n<meta property=\"og:url\" content=\"https:\/\/zlatyklucik-old.odyzeoclients.com\/en\/frenchie-terrasse\/\" \/>\n<meta property=\"og:site_name\" content=\"Zlat\u00fd K\u013e\u00fa\u010dik\" \/>\n<meta property=\"article:modified_time\" content=\"2024-03-04T08:49:07+00:00\" \/>\n<meta name=\"twitter:card\" content=\"summary_large_image\" \/>\n<meta name=\"twitter:label1\" content=\"Est. reading time\" \/>\n\t<meta name=\"twitter:data1\" content=\"10 minutes\" \/>\n<script type=\"application\/ld+json\" class=\"yoast-schema-graph\">{\"@context\":\"https:\/\/schema.org\",\"@graph\":[{\"@type\":\"WebPage\",\"@id\":\"https:\/\/zlatyklucik-old.odyzeoclients.com\/en\/frenchie-terrasse\/\",\"url\":\"https:\/\/zlatyklucik-old.odyzeoclients.com\/en\/frenchie-terrasse\/\",\"name\":\"Frenchie Terrasse | Zlat\u00fd K\u013e\u00fa\u010dik\",\"isPartOf\":{\"@id\":\"https:\/\/zlatyklucik-old.odyzeoclients.com\/en\/#website\"},\"datePublished\":\"2020-06-09T12:44:28+00:00\",\"dateModified\":\"2024-03-04T08:49:07+00:00\",\"breadcrumb\":{\"@id\":\"https:\/\/zlatyklucik-old.odyzeoclients.com\/en\/frenchie-terrasse\/#breadcrumb\"},\"inLanguage\":\"en-US\",\"potentialAction\":[{\"@type\":\"ReadAction\",\"target\":[\"https:\/\/zlatyklucik-old.odyzeoclients.com\/en\/frenchie-terrasse\/\"]}]},{\"@type\":\"BreadcrumbList\",\"@id\":\"https:\/\/zlatyklucik-old.odyzeoclients.com\/en\/frenchie-terrasse\/#breadcrumb\",\"itemListElement\":[{\"@type\":\"ListItem\",\"position\":1,\"name\":\"Home\",\"item\":\"https:\/\/zlatyklucik-old.odyzeoclients.com\/en\/\"},{\"@type\":\"ListItem\",\"position\":2,\"name\":\"Frenchie Terrasse\"}]},{\"@type\":\"WebSite\",\"@id\":\"https:\/\/zlatyklucik-old.odyzeoclients.com\/en\/#website\",\"url\":\"https:\/\/zlatyklucik-old.odyzeoclients.com\/en\/\",\"name\":\"Zlat\u00fd K\u013e\u00fa\u010dik\",\"description\":\"V\u0161etky fam\u00f3zne veci na jednom mieste\",\"potentialAction\":[{\"@type\":\"SearchAction\",\"target\":{\"@type\":\"EntryPoint\",\"urlTemplate\":\"https:\/\/zlatyklucik-old.odyzeoclients.com\/en\/?s={search_term_string}\"},\"query-input\":\"required name=search_term_string\"}],\"inLanguage\":\"en-US\"}]}<\/script>\n<!-- \/ Yoast SEO plugin. -->","yoast_head_json":{"title":"Frenchie Terrasse | Zlat\u00fd K\u013e\u00fa\u010dik","robots":{"index":"index","follow":"follow","max-snippet":"max-snippet:-1","max-image-preview":"max-image-preview:large","max-video-preview":"max-video-preview:-1"},"canonical":"https:\/\/zlatyklucik-old.odyzeoclients.com\/en\/frenchie-terrasse\/","og_locale":"en_US","og_type":"article","og_title":"Frenchie Terrasse | Zlat\u00fd K\u013e\u00fa\u010dik","og_url":"https:\/\/zlatyklucik-old.odyzeoclients.com\/en\/frenchie-terrasse\/","og_site_name":"Zlat\u00fd K\u013e\u00fa\u010dik","article_modified_time":"2024-03-04T08:49:07+00:00","twitter_card":"summary_large_image","twitter_misc":{"Est. reading time":"10 minutes"},"schema":{"@context":"https:\/\/schema.org","@graph":[{"@type":"WebPage","@id":"https:\/\/zlatyklucik-old.odyzeoclients.com\/en\/frenchie-terrasse\/","url":"https:\/\/zlatyklucik-old.odyzeoclients.com\/en\/frenchie-terrasse\/","name":"Frenchie Terrasse | Zlat\u00fd K\u013e\u00fa\u010dik","isPartOf":{"@id":"https:\/\/zlatyklucik-old.odyzeoclients.com\/en\/#website"},"datePublished":"2020-06-09T12:44:28+00:00","dateModified":"2024-03-04T08:49:07+00:00","breadcrumb":{"@id":"https:\/\/zlatyklucik-old.odyzeoclients.com\/en\/frenchie-terrasse\/#breadcrumb"},"inLanguage":"en-US","potentialAction":[{"@type":"ReadAction","target":["https:\/\/zlatyklucik-old.odyzeoclients.com\/en\/frenchie-terrasse\/"]}]},{"@type":"BreadcrumbList","@id":"https:\/\/zlatyklucik-old.odyzeoclients.com\/en\/frenchie-terrasse\/#breadcrumb","itemListElement":[{"@type":"ListItem","position":1,"name":"Home","item":"https:\/\/zlatyklucik-old.odyzeoclients.com\/en\/"},{"@type":"ListItem","position":2,"name":"Frenchie Terrasse"}]},{"@type":"WebSite","@id":"https:\/\/zlatyklucik-old.odyzeoclients.com\/en\/#website","url":"https:\/\/zlatyklucik-old.odyzeoclients.com\/en\/","name":"Zlat\u00fd K\u013e\u00fa\u010dik","description":"V\u0161etky fam\u00f3zne veci na jednom mieste","potentialAction":[{"@type":"SearchAction","target":{"@type":"EntryPoint","urlTemplate":"https:\/\/zlatyklucik-old.odyzeoclients.com\/en\/?s={search_term_string}"},"query-input":"required name=search_term_string"}],"inLanguage":"en-US"}]}},"_links":{"self":[{"href":"https:\/\/zlatyklucik-old.odyzeoclients.com\/en\/wp-json\/wp\/v2\/pages\/6898"}],"collection":[{"href":"https:\/\/zlatyklucik-old.odyzeoclients.com\/en\/wp-json\/wp\/v2\/pages"}],"about":[{"href":"https:\/\/zlatyklucik-old.odyzeoclients.com\/en\/wp-json\/wp\/v2\/types\/page"}],"author":[{"embeddable":true,"href":"https:\/\/zlatyklucik-old.odyzeoclients.com\/en\/wp-json\/wp\/v2\/users\/7"}],"replies":[{"embeddable":true,"href":"https:\/\/zlatyklucik-old.odyzeoclients.com\/en\/wp-json\/wp\/v2\/comments?post=6898"}],"version-history":[{"count":11,"href":"https:\/\/zlatyklucik-old.odyzeoclients.com\/en\/wp-json\/wp\/v2\/pages\/6898\/revisions"}],"predecessor-version":[{"id":11928,"href":"https:\/\/zlatyklucik-old.odyzeoclients.com\/en\/wp-json\/wp\/v2\/pages\/6898\/revisions\/11928"}],"wp:attachment":[{"href":"https:\/\/zlatyklucik-old.odyzeoclients.com\/en\/wp-json\/wp\/v2\/media?parent=6898"}],"curies":[{"name":"wp","href":"https:\/\/api.w.org\/{rel}","templated":true}]}}